{"id":1870,"date":"2021-10-13T18:27:33","date_gmt":"2021-10-13T16:27:33","guid":{"rendered":"https:\/\/www.vago.at\/friss-borkep\/"},"modified":"2022-10-13T13:54:35","modified_gmt":"2022-10-13T11:54:35","slug":"friss-borkep","status":"publish","type":"page","link":"https:\/\/www.vago.at\/hu\/esztetikai-gyogyaszat\/friss-borkep\/","title":{"rendered":"Friss b\u0151rk\u00e9p"},"content":{"rendered":"\t\t<div data-elementor-type=\"wp-page\" data-elementor-id=\"1870\" class=\"elementor elementor-1870 elementor-712\">\n\t\t\t\t\t\t<div class=\"elementor-inner\">\n\t\t\t\t<div class=\"elementor-section-wrap\">\n\t\t\t\t\t\t\t\t\t<section class=\"elementor-section elementor-top-section elementor-element elementor-element-67f4a77 elementor-section-boxed elementor-section-height-default elementor-section-height-default parallax_section_no qode_elementor_container_no\" data-id=\"67f4a77\" data-element_type=\"section\">\n\t\t\t\t\t\t<div class=\"elementor-container elementor-column-gap-default\">\n\t\t\t\t\t\t\t<div class=\"elementor-row\">\n\t\t\t\t\t<div class=\"elementor-column elementor-col-100 elementor-top-column elementor-element elementor-element-2b6d09a\" data-id=\"2b6d09a\" data-element_type=\"column\">\n\t\t\t<div class=\"elementor-column-wrap elementor-element-populated\">\n\t\t\t\t\t\t\t<div class=\"elementor-widget-wrap\">\n\t\t\t\t\t\t<section class=\"elementor-section elementor-inner-section elementor-element elementor-element-ed01ff4 elementor-section-boxed elementor-section-height-default elementor-section-height-default parallax_section_no qode_elementor_container_no\" data-id=\"ed01ff4\" data-element_type=\"section\">\n\t\t\t\t\t\t<div class=\"elementor-container elementor-column-gap-wider\">\n\t\t\t\t\t\t\t<div class=\"elementor-row\">\n\t\t\t\t\t<div class=\"elementor-column elementor-col-50 elementor-inner-column elementor-element elementor-element-52ac4d2\" data-id=\"52ac4d2\" data-element_type=\"column\">\n\t\t\t<div class=\"elementor-column-wrap elementor-element-populated\">\n\t\t\t\t\t\t\t<div class=\"elementor-widget-wrap\">\n\t\t\t\t\t\t<div class=\"elementor-element elementor-element-d160f86 elementor-widget elementor-widget-text-editor\" data-id=\"d160f86\" data-element_type=\"widget\" data-widget_type=\"text-editor.default\">\n\t\t\t\t<div class=\"elementor-widget-container\">\n\t\t\t\t\t\t\t\t<div class=\"elementor-text-editor elementor-clearfix\">\n\t\t\t\t<h3>Skin Rejuvenation sz\u00f3 szerint annyit jelent b\u0151rfiatal\u00edt\u00e1s. A b\u0151rk\u00e9p gyorsan \u00e9s l\u00e1that\u00f3an javul. A b\u0151r fiatalabbnak \u00e9s sim\u00e1bbnak hat.<\/h3>\n\t\t\t\t\t<\/div>\n\t\t\t\t\t\t<\/div>\n\t\t\t\t<\/div>\n\t\t\t\t<div class=\"elementor-element elementor-element-4f439df elementor-widget elementor-widget-text-editor\" data-id=\"4f439df\" data-element_type=\"widget\" data-widget_type=\"text-editor.default\">\n\t\t\t\t<div class=\"elementor-widget-container\">\n\t\t\t\t\t\t\t\t<div class=\"elementor-text-editor elementor-clearfix\">\n\t\t\t\tA b\u0151rt mindennap terhel\u0151 hat\u00e1sok \u00e9rik. Ez\u00e1ltal id\u0151vel a b\u0151rk\u00e9pet l\u00e1that\u00f3 v\u00f6r\u00f6s erecsk\u00e9k, barna foltok, nagy b\u0151rp\u00f3rusok \u00e9s kis r\u00e1ncok zavarj\u00e1k. A legmodernebb l\u00e9zertechnik\u00e1val a k\u00f6vetkez\u0151 b\u0151rprobl\u00e9m\u00e1kat kezelj\u00fck:\r\n<ul>\r\n \t<li><b>Pigment\u00e1ci\u00f3s elv\u00e1ltoz\u00e1sok <\/b>(p\u00e9ld\u00e1ul id\u0151skori foltok, chloasma, begyulladt hiperpigment\u00e1ci\u00f3)<\/li>\r\n \t<li><b>L\u00e1that\u00f3an kit\u00e1gult v\u00f6r\u00f6s erecsk\u00e9k <\/b>(p\u00e9ld\u00e1ul rozacea, couperose)<\/li>\r\n \t<li><b>B\u0151rk\u00e9pz\u0151d\u00e9si probl\u00e9m\u00e1k<\/b> (p\u00e9ld\u00e1ul nagy p\u00f3rus\u00fa b\u0151r, akne hegek, kis r\u00e1ncok)<\/li>\r\n \t<li><b>nap \u00e1ltal okozott b\u0151rs\u00e9r\u00fcl\u00e9sek<\/b><\/li>\r\n<\/ul>\r\n<div>\r\n\r\nA b\u0151rfeszesed\u00e9s els\u0151 jelei m\u00e1r n\u00e9h\u00e1ny nap m\u00falva l\u00e1that\u00f3. A b\u0151rk\u00e9p l\u00e9nyeges javul\u00e1s\u00e1hoz \u00e1ltal\u00e1ban 2-3 kezel\u00e9s sz\u00fcks\u00e9ges.\r\n\r\nB\u0151rfiatal\u00edt\u00e1s n\u0151kn\u00e9l \u00e9s f\u00e9rfiakn\u00e1l \u00e9s minden b\u0151rt\u00edpusn\u00e1l alkalmazhat\u00f3. Nincs kies\u0151 id\u0151, munk\u00e1j\u00e1t \u00e9s napi tev\u00e9kenys\u00e9g\u00e9t azonnal folytathatja.\r\n\r\n<\/div>\t\t\t\t\t<\/div>\n\t\t\t\t\t\t<\/div>\n\t\t\t\t<\/div>\n\t\t\t\t\t\t<\/div>\n\t\t\t\t\t<\/div>\n\t\t<\/div>\n\t\t\t\t<div class=\"elementor-column elementor-col-50 elementor-inner-column elementor-element elementor-element-28c5612\" data-id=\"28c5612\" data-element_type=\"column\">\n\t\t\t<div class=\"elementor-column-wrap elementor-element-populated\">\n\t\t\t\t\t\t\t<div class=\"elementor-widget-wrap\">\n\t\t\t\t\t\t<div class=\"elementor-element elementor-element-fa537fd elementor-widget elementor-widget-image\" data-id=\"fa537fd\" data-element_type=\"widget\" data-widget_type=\"image.default\">\n\t\t\t\t<div class=\"elementor-widget-container\">\n\t\t\t\t\t\t\t\t<div class=\"elementor-image\">\n\t\t\t\t\t\t\t\t\t<figure class=\"wp-caption\">\n\t\t\t\t\t\t\t\t\t\t<img decoding=\"async\" width=\"800\" height=\"1000\" src=\"https:\/\/www.vago.at\/wp-content\/uploads\/2021\/01\/anti-aging-2.jpg\" class=\"attachment-large size-large wp-image-1779\" alt=\"\" srcset=\"https:\/\/www.vago.at\/wp-content\/uploads\/2021\/01\/anti-aging-2.jpg 800w, https:\/\/www.vago.at\/wp-content\/uploads\/2021\/01\/anti-aging-2-240x300.jpg 240w, https:\/\/www.vago.at\/wp-content\/uploads\/2021\/01\/anti-aging-2-768x960.jpg 768w, https:\/\/www.vago.at\/wp-content\/uploads\/2021\/01\/anti-aging-2-700x875.jpg 700w\" sizes=\"(max-width: 800px) 100vw, 800px\" \/>\t\t\t\t\t\t\t\t\t\t\t<figcaption class=\"widget-image-caption wp-caption-text\">Foto: Valeria Ushakova \/ pexels<\/figcaption>\n\t\t\t\t\t\t\t\t\t\t<\/figure>\n\t\t\t\t\t\t\t\t<\/div>\n\t\t\t\t\t\t<\/div>\n\t\t\t\t<\/div>\n\t\t\t\t\t\t<\/div>\n\t\t\t\t\t<\/div>\n\t\t<\/div>\n\t\t\t\t\t\t\t\t<\/div>\n\t\t\t\t\t<\/div>\n\t\t<\/section>\n\t\t\t\t\t\t<\/div>\n\t\t\t\t\t<\/div>\n\t\t<\/div>\n\t\t\t\t\t\t\t\t<\/div>\n\t\t\t\t\t<\/div>\n\t\t<\/section>\n\t\t\t\t<section class=\"elementor-section elementor-top-section elementor-element elementor-element-1c1568a elementor-section-full_width elementor-section-height-default elementor-section-height-default parallax_section_no qode_elementor_container_no\" data-id=\"1c1568a\" data-element_type=\"section\">\n\t\t\t\t\t\t<div class=\"elementor-container elementor-column-gap-narrow\">\n\t\t\t\t\t\t\t<div class=\"elementor-row\">\n\t\t\t\t\t<div class=\"elementor-column elementor-col-33 elementor-top-column elementor-element elementor-element-cf8920c animated-fast elementor-invisible\" data-id=\"cf8920c\" data-element_type=\"column\" data-settings=\"{&quot;animation&quot;:&quot;fadeIn&quot;}\">\n\t\t\t<div class=\"elementor-column-wrap elementor-element-populated\">\n\t\t\t\t\t\t\t<div class=\"elementor-widget-wrap\">\n\t\t\t\t\t\t<div class=\"elementor-element elementor-element-9581788 elementor-widget elementor-widget-bridge_banner\" data-id=\"9581788\" data-element_type=\"widget\" data-settings=\"{&quot;_animation&quot;:&quot;none&quot;}\" data-widget_type=\"bridge_banner.default\">\n\t\t\t\t<div class=\"elementor-widget-container\">\n\t\t\t<div class=\"qode-banner qode-banner-va-top\"><a class=\"qode-banner-link\" href=\"https:\/\/www.vago.at\/hu\/lipoedem-sajnos-bar-minden-tizedik-not-erint-alig-beszel-rola-valaki\/\" target=\"_self\"><\/a><div class=\"qode-banner-image\"><img decoding=\"async\" itemprop=\"image\" src=\"https:\/\/www.vago.at\/wp-content\/uploads\/2020\/08\/widget-lipoedem.jpg\" alt=\"\" \/><\/div><div class=\"qode-banner-content\"><div class=\"qode-banner-content-inner\"><div class=\"qode-banner-text-holder\"><div style=\"text-align: left;\"><h5 style=\"font-size:25px;\">Lip\u00f6d\u00e9ma van?<\/h5><a href=\"https:\/\/www.vago.at\/hu\/lipoedem-sajnos-bar-minden-tizedik-not-erint-alig-beszel-rola-valaki\/\" class=\"qode-banner-button\">Tudj meg t\u00f6bbet<\/a><\/div><\/div><\/div><\/div><\/div>\t\t<\/div>\n\t\t\t\t<\/div>\n\t\t\t\t\t\t<\/div>\n\t\t\t\t\t<\/div>\n\t\t<\/div>\n\t\t\t\t<div class=\"elementor-column elementor-col-33 elementor-top-column elementor-element elementor-element-557cae1\" data-id=\"557cae1\" data-element_type=\"column\">\n\t\t\t<div class=\"elementor-column-wrap elementor-element-populated\">\n\t\t\t\t\t\t\t<div class=\"elementor-widget-wrap\">\n\t\t\t\t\t\t<div class=\"elementor-element elementor-element-414d9f0 elementor-widget elementor-widget-bridge_banner\" data-id=\"414d9f0\" data-element_type=\"widget\" data-settings=\"{&quot;_animation&quot;:&quot;none&quot;,&quot;_animation_delay&quot;:400}\" data-widget_type=\"bridge_banner.default\">\n\t\t\t\t<div class=\"elementor-widget-container\">\n\t\t\t<div class=\"qode-banner qode-banner-va-top\"><a class=\"qode-banner-link\" href=\"https:\/\/www.vago.at\/hu\/borgyogyaszat\/praevention-von-hautkrebs\/\" target=\"_self\"><\/a><div class=\"qode-banner-image\"><img decoding=\"async\" itemprop=\"image\" src=\"https:\/\/www.vago.at\/wp-content\/uploads\/2021\/01\/widget-face-1.jpg\" alt=\"\" \/><\/div><div class=\"qode-banner-content\"><div class=\"qode-banner-content-inner\"><div class=\"qode-banner-text-holder\"><div style=\"text-align: left;\"><h5 style=\"font-size:25px;\">\u00cdgy v\u00e9dekezhet<br\/> a b\u0151rr\u00e1k ellen.<\/h5><a href=\"https:\/\/www.vago.at\/hu\/borgyogyaszat\/praevention-von-hautkrebs\/\" class=\"qode-banner-button\">Tudj meg t\u00f6bbet<\/a><\/div><\/div><\/div><\/div><\/div>\t\t<\/div>\n\t\t\t\t<\/div>\n\t\t\t\t\t\t<\/div>\n\t\t\t\t\t<\/div>\n\t\t<\/div>\n\t\t\t\t<div class=\"elementor-column elementor-col-33 elementor-top-column elementor-element elementor-element-857f3f2\" data-id=\"857f3f2\" data-element_type=\"column\">\n\t\t\t<div class=\"elementor-column-wrap elementor-element-populated\">\n\t\t\t\t\t\t\t<div class=\"elementor-widget-wrap\">\n\t\t\t\t\t\t<div class=\"elementor-element elementor-element-e45f4e4 elementor-widget elementor-widget-bridge_banner\" data-id=\"e45f4e4\" data-element_type=\"widget\" data-settings=\"{&quot;_animation&quot;:&quot;none&quot;,&quot;_animation_delay&quot;:200}\" data-widget_type=\"bridge_banner.default\">\n\t\t\t\t<div class=\"elementor-widget-container\">\n\t\t\t<div class=\"qode-banner qode-banner-va-top\"><a class=\"qode-banner-link\" href=\"https:\/\/www.vago.at\/hu\/vena-megbetegedesek\/\" target=\"_self\"><\/a><div class=\"qode-banner-image\"><img decoding=\"async\" itemprop=\"image\" src=\"https:\/\/www.vago.at\/wp-content\/uploads\/2021\/01\/widget-krampfadern.jpg\" alt=\"\" \/><\/div><div class=\"qode-banner-content\"><div class=\"qode-banner-content-inner\"><div class=\"qode-banner-text-holder\"><div style=\"text-align:left\"><h5 style=\"font-size:25px;\">A v\u00e9n\u00e1s betegs\u00e9gek<br\/> id\u0151ben t\u00f6rt\u00e9n\u0151 felismer\u00e9se<br\/> \u00e9s kezel\u00e9se.<\/h5><a href=\"https:\/\/www.vago.at\/hu\/vena-megbetegedesek\/\" class=\"qode-banner-button\">Tudj meg t\u00f6bbet<\/a><\/div><\/div><\/div><\/div><\/div>\t\t<\/div>\n\t\t\t\t<\/div>\n\t\t\t\t\t\t<\/div>\n\t\t\t\t\t<\/div>\n\t\t<\/div>\n\t\t\t\t\t\t\t\t<\/div>\n\t\t\t\t\t<\/div>\n\t\t<\/section>\n\t\t\t\t\t\t\t\t\t<\/div>\n\t\t\t<\/div>\n\t\t\t\t\t<\/div>\n\t\t","protected":false},"excerpt":{"rendered":"<p>Skin Rejuvenation sz\u00f3 szerint annyit jelent b\u0151rfiatal\u00edt\u00e1s. A b\u0151rk\u00e9p gyorsan \u00e9s l\u00e1that\u00f3an javul. A b\u0151r fiatalabbnak \u00e9s sim\u00e1bbnak hat. A b\u0151rt mindennap terhel\u0151 hat\u00e1sok \u00e9rik. Ez\u00e1ltal id\u0151vel a b\u0151rk\u00e9pet l\u00e1that\u00f3 v\u00f6r\u00f6s erecsk\u00e9k, barna foltok, nagy b\u0151rp\u00f3rusok \u00e9s kis r\u00e1ncok zavarj\u00e1k. A legmodernebb l\u00e9zertechnik\u00e1val a k\u00f6vetkez\u0151&#8230;<\/p>\n","protected":false},"author":2,"featured_media":0,"parent":1891,"menu_order":0,"comment_status":"closed","ping_status":"closed","template":"full_width.php","meta":{"footnotes":""},"yoast_head":"<!-- This site is optimized with the Yoast SEO plugin v20.5 - https:\/\/yoast.com\/wordpress\/plugins\/seo\/ -->\n<title>Friss arcsz\u00edn: \u00cdgy kezelj\u00fck a pigmentfoltokat \u00e9s a kuper\u00f3zist B\u00e9csben<\/title>\n<meta name=\"description\" content=\"A b\u0151rfiatal\u00edt\u00e1s sz\u00f3 szerint b\u0151rfiatal\u00edt\u00e1st jelent. Az arcsz\u00edn gyorsan \u00e9s l\u00e1that\u00f3an javul. A b\u0151r fiatalabbnak \u00e9s sim\u00e1bbnak t\u0171nik. Dr. Vago B\u00e9csben.\" \/>\n<meta name=\"robots\" content=\"index, follow, max-snippet:-1, max-image-preview:large, max-video-preview:-1\" \/>\n<link rel=\"canonical\" href=\"https:\/\/www.vago.at\/hu\/esztetikai-gyogyaszat\/friss-borkep\/\" \/>\n<meta property=\"og:locale\" content=\"hu_HU\" \/>\n<meta property=\"og:type\" content=\"article\" \/>\n<meta property=\"og:title\" content=\"Friss arcsz\u00edn: \u00cdgy kezelj\u00fck a pigmentfoltokat \u00e9s a kuper\u00f3zist B\u00e9csben\" \/>\n<meta property=\"og:description\" content=\"A b\u0151rfiatal\u00edt\u00e1s sz\u00f3 szerint b\u0151rfiatal\u00edt\u00e1st jelent. Az arcsz\u00edn gyorsan \u00e9s l\u00e1that\u00f3an javul. A b\u0151r fiatalabbnak \u00e9s sim\u00e1bbnak t\u0171nik. Dr. Vago B\u00e9csben.\" \/>\n<meta property=\"og:url\" content=\"https:\/\/www.vago.at\/hu\/esztetikai-gyogyaszat\/friss-borkep\/\" \/>\n<meta property=\"og:site_name\" content=\"Haut\u00e4rztin Dr. Vago | Expertin f\u00fcr Lip\u00f6deme in Wien\" \/>\n<meta property=\"article:modified_time\" content=\"2022-10-13T11:54:35+00:00\" \/>\n<meta property=\"og:image\" content=\"https:\/\/www.vago.at\/wp-content\/uploads\/2021\/01\/anti-aging-2.jpg\" \/>\n<meta name=\"twitter:card\" content=\"summary_large_image\" \/>\n<meta name=\"twitter:label1\" content=\"Becs\u00fclt olvas\u00e1si id\u0151\" \/>\n\t<meta name=\"twitter:data1\" content=\"1 perc\" \/>\n<script type=\"application\/ld+json\" class=\"yoast-schema-graph\">{\"@context\":\"https:\/\/schema.org\",\"@graph\":[{\"@type\":\"WebPage\",\"@id\":\"https:\/\/www.vago.at\/hu\/esztetikai-gyogyaszat\/friss-borkep\/\",\"url\":\"https:\/\/www.vago.at\/hu\/esztetikai-gyogyaszat\/friss-borkep\/\",\"name\":\"Friss arcsz\u00edn: \u00cdgy kezelj\u00fck a pigmentfoltokat \u00e9s a kuper\u00f3zist B\u00e9csben\",\"isPartOf\":{\"@id\":\"https:\/\/www.vago.at\/#website\"},\"datePublished\":\"2021-10-13T16:27:33+00:00\",\"dateModified\":\"2022-10-13T11:54:35+00:00\",\"description\":\"A b\u0151rfiatal\u00edt\u00e1s sz\u00f3 szerint b\u0151rfiatal\u00edt\u00e1st jelent. Az arcsz\u00edn gyorsan \u00e9s l\u00e1that\u00f3an javul. A b\u0151r fiatalabbnak \u00e9s sim\u00e1bbnak t\u0171nik. Dr. Vago B\u00e9csben.\",\"breadcrumb\":{\"@id\":\"https:\/\/www.vago.at\/hu\/esztetikai-gyogyaszat\/friss-borkep\/#breadcrumb\"},\"inLanguage\":\"hu\",\"potentialAction\":[{\"@type\":\"ReadAction\",\"target\":[\"https:\/\/www.vago.at\/hu\/esztetikai-gyogyaszat\/friss-borkep\/\"]}]},{\"@type\":\"BreadcrumbList\",\"@id\":\"https:\/\/www.vago.at\/hu\/esztetikai-gyogyaszat\/friss-borkep\/#breadcrumb\",\"itemListElement\":[{\"@type\":\"ListItem\",\"position\":1,\"name\":\"Startseite\",\"item\":\"https:\/\/www.vago.at\/hu\/home\/\"},{\"@type\":\"ListItem\",\"position\":2,\"name\":\"Eszt\u00e9tikai orvosl\u00e1s\",\"item\":\"https:\/\/www.vago.at\/hu\/esztetikai-gyogyaszat\/\"},{\"@type\":\"ListItem\",\"position\":3,\"name\":\"Friss b\u0151rk\u00e9p\"}]},{\"@type\":\"WebSite\",\"@id\":\"https:\/\/www.vago.at\/#website\",\"url\":\"https:\/\/www.vago.at\/\",\"name\":\"Haut\u00e4rztin Dr. Vago | Expertin f\u00fcr Lip\u00f6deme in Wien\",\"description\":\"Ihre Expertin f\u00fcr Lip\u00f6dem, Venen &amp; Haut \u2013 modern, menschlich, medizinisch fundiert.\",\"potentialAction\":[{\"@type\":\"SearchAction\",\"target\":{\"@type\":\"EntryPoint\",\"urlTemplate\":\"https:\/\/www.vago.at\/?s={search_term_string}\"},\"query-input\":\"required name=search_term_string\"}],\"inLanguage\":\"hu\"}]}<\/script>\n<!-- \/ Yoast SEO plugin. -->","yoast_head_json":{"title":"Friss arcsz\u00edn: \u00cdgy kezelj\u00fck a pigmentfoltokat \u00e9s a kuper\u00f3zist B\u00e9csben","description":"A b\u0151rfiatal\u00edt\u00e1s sz\u00f3 szerint b\u0151rfiatal\u00edt\u00e1st jelent. Az arcsz\u00edn gyorsan \u00e9s l\u00e1that\u00f3an javul. A b\u0151r fiatalabbnak \u00e9s sim\u00e1bbnak t\u0171nik. Dr. Vago B\u00e9csben.","robots":{"index":"index","follow":"follow","max-snippet":"max-snippet:-1","max-image-preview":"max-image-preview:large","max-video-preview":"max-video-preview:-1"},"canonical":"https:\/\/www.vago.at\/hu\/esztetikai-gyogyaszat\/friss-borkep\/","og_locale":"hu_HU","og_type":"article","og_title":"Friss arcsz\u00edn: \u00cdgy kezelj\u00fck a pigmentfoltokat \u00e9s a kuper\u00f3zist B\u00e9csben","og_description":"A b\u0151rfiatal\u00edt\u00e1s sz\u00f3 szerint b\u0151rfiatal\u00edt\u00e1st jelent. Az arcsz\u00edn gyorsan \u00e9s l\u00e1that\u00f3an javul. A b\u0151r fiatalabbnak \u00e9s sim\u00e1bbnak t\u0171nik. Dr. Vago B\u00e9csben.","og_url":"https:\/\/www.vago.at\/hu\/esztetikai-gyogyaszat\/friss-borkep\/","og_site_name":"Haut\u00e4rztin Dr. Vago | Expertin f\u00fcr Lip\u00f6deme in Wien","article_modified_time":"2022-10-13T11:54:35+00:00","og_image":[{"url":"https:\/\/www.vago.at\/wp-content\/uploads\/2021\/01\/anti-aging-2.jpg"}],"twitter_card":"summary_large_image","twitter_misc":{"Becs\u00fclt olvas\u00e1si id\u0151":"1 perc"},"schema":{"@context":"https:\/\/schema.org","@graph":[{"@type":"WebPage","@id":"https:\/\/www.vago.at\/hu\/esztetikai-gyogyaszat\/friss-borkep\/","url":"https:\/\/www.vago.at\/hu\/esztetikai-gyogyaszat\/friss-borkep\/","name":"Friss arcsz\u00edn: \u00cdgy kezelj\u00fck a pigmentfoltokat \u00e9s a kuper\u00f3zist B\u00e9csben","isPartOf":{"@id":"https:\/\/www.vago.at\/#website"},"datePublished":"2021-10-13T16:27:33+00:00","dateModified":"2022-10-13T11:54:35+00:00","description":"A b\u0151rfiatal\u00edt\u00e1s sz\u00f3 szerint b\u0151rfiatal\u00edt\u00e1st jelent. Az arcsz\u00edn gyorsan \u00e9s l\u00e1that\u00f3an javul. A b\u0151r fiatalabbnak \u00e9s sim\u00e1bbnak t\u0171nik. Dr. Vago B\u00e9csben.","breadcrumb":{"@id":"https:\/\/www.vago.at\/hu\/esztetikai-gyogyaszat\/friss-borkep\/#breadcrumb"},"inLanguage":"hu","potentialAction":[{"@type":"ReadAction","target":["https:\/\/www.vago.at\/hu\/esztetikai-gyogyaszat\/friss-borkep\/"]}]},{"@type":"BreadcrumbList","@id":"https:\/\/www.vago.at\/hu\/esztetikai-gyogyaszat\/friss-borkep\/#breadcrumb","itemListElement":[{"@type":"ListItem","position":1,"name":"Startseite","item":"https:\/\/www.vago.at\/hu\/home\/"},{"@type":"ListItem","position":2,"name":"Eszt\u00e9tikai orvosl\u00e1s","item":"https:\/\/www.vago.at\/hu\/esztetikai-gyogyaszat\/"},{"@type":"ListItem","position":3,"name":"Friss b\u0151rk\u00e9p"}]},{"@type":"WebSite","@id":"https:\/\/www.vago.at\/#website","url":"https:\/\/www.vago.at\/","name":"Haut\u00e4rztin Dr. Vago | Expertin f\u00fcr Lip\u00f6deme in Wien","description":"Ihre Expertin f\u00fcr Lip\u00f6dem, Venen &amp; Haut \u2013 modern, menschlich, medizinisch fundiert.","potentialAction":[{"@type":"SearchAction","target":{"@type":"EntryPoint","urlTemplate":"https:\/\/www.vago.at\/?s={search_term_string}"},"query-input":"required name=search_term_string"}],"inLanguage":"hu"}]}},"_links":{"self":[{"href":"https:\/\/www.vago.at\/hu\/wp-json\/wp\/v2\/pages\/1870"}],"collection":[{"href":"https:\/\/www.vago.at\/hu\/wp-json\/wp\/v2\/pages"}],"about":[{"href":"https:\/\/www.vago.at\/hu\/wp-json\/wp\/v2\/types\/page"}],"author":[{"embeddable":true,"href":"https:\/\/www.vago.at\/hu\/wp-json\/wp\/v2\/users\/2"}],"replies":[{"embeddable":true,"href":"https:\/\/www.vago.at\/hu\/wp-json\/wp\/v2\/comments?post=1870"}],"version-history":[{"count":5,"href":"https:\/\/www.vago.at\/hu\/wp-json\/wp\/v2\/pages\/1870\/revisions"}],"predecessor-version":[{"id":2000,"href":"https:\/\/www.vago.at\/hu\/wp-json\/wp\/v2\/pages\/1870\/revisions\/2000"}],"up":[{"embeddable":true,"href":"https:\/\/www.vago.at\/hu\/wp-json\/wp\/v2\/pages\/1891"}],"wp:attachment":[{"href":"https:\/\/www.vago.at\/hu\/wp-json\/wp\/v2\/media?parent=1870"}],"curies":[{"name":"wp","href":"https:\/\/api.w.org\/{rel}","templated":true}]}}