{"id":1874,"date":"2021-10-13T19:46:48","date_gmt":"2021-10-13T17:46:48","guid":{"rendered":"https:\/\/www.vago.at\/az-oedema-kezelese\/"},"modified":"2022-10-13T14:04:07","modified_gmt":"2022-10-13T12:04:07","slug":"az-oedema-kezelese","status":"publish","type":"page","link":"https:\/\/www.vago.at\/hu\/borgyogyaszat\/az-oedema-kezelese\/","title":{"rendered":"Az \u00f6d\u00e9ma kezel\u00e9se"},"content":{"rendered":"\t\t<div data-elementor-type=\"wp-page\" data-elementor-id=\"1874\" class=\"elementor elementor-1874 elementor-645\">\n\t\t\t\t\t\t<div class=\"elementor-inner\">\n\t\t\t\t<div class=\"elementor-section-wrap\">\n\t\t\t\t\t\t\t\t\t<section class=\"elementor-section elementor-top-section elementor-element elementor-element-67f4a77 elementor-section-boxed elementor-section-height-default elementor-section-height-default parallax_section_no qode_elementor_container_no\" data-id=\"67f4a77\" data-element_type=\"section\">\n\t\t\t\t\t\t<div class=\"elementor-container elementor-column-gap-default\">\n\t\t\t\t\t\t\t<div class=\"elementor-row\">\n\t\t\t\t\t<div class=\"elementor-column elementor-col-100 elementor-top-column elementor-element elementor-element-2b6d09a\" data-id=\"2b6d09a\" data-element_type=\"column\">\n\t\t\t<div class=\"elementor-column-wrap elementor-element-populated\">\n\t\t\t\t\t\t\t<div class=\"elementor-widget-wrap\">\n\t\t\t\t\t\t<section class=\"elementor-section elementor-inner-section elementor-element elementor-element-ed01ff4 elementor-section-boxed elementor-section-height-default elementor-section-height-default parallax_section_no qode_elementor_container_no\" data-id=\"ed01ff4\" data-element_type=\"section\">\n\t\t\t\t\t\t<div class=\"elementor-container elementor-column-gap-wider\">\n\t\t\t\t\t\t\t<div class=\"elementor-row\">\n\t\t\t\t\t<div class=\"elementor-column elementor-col-50 elementor-inner-column elementor-element elementor-element-52ac4d2\" data-id=\"52ac4d2\" data-element_type=\"column\">\n\t\t\t<div class=\"elementor-column-wrap elementor-element-populated\">\n\t\t\t\t\t\t\t<div class=\"elementor-widget-wrap\">\n\t\t\t\t\t\t<div class=\"elementor-element elementor-element-d160f86 elementor-widget elementor-widget-text-editor\" data-id=\"d160f86\" data-element_type=\"widget\" data-widget_type=\"text-editor.default\">\n\t\t\t\t<div class=\"elementor-widget-container\">\n\t\t\t\t\t\t\t\t<div class=\"elementor-text-editor elementor-clearfix\">\n\t\t\t\t<h3>Nyirokpang\u00e1skor a boka \u00e9s a l\u00e1b el\u00fcls\u0151 r\u00e9sze, gyakran eg\u00e9szen a l\u00e1bujjhegyekig megdagad. A nyirok \u00f6d\u00e9ma sz\u00fclet\u00e9st\u0151l fenn\u00e1llhat.<\/h3>\n\t\t\t\t\t<\/div>\n\t\t\t\t\t\t<\/div>\n\t\t\t\t<\/div>\n\t\t\t\t<div class=\"elementor-element elementor-element-4f439df elementor-widget elementor-widget-text-editor\" data-id=\"4f439df\" data-element_type=\"widget\" data-widget_type=\"text-editor.default\">\n\t\t\t\t<div class=\"elementor-widget-container\">\n\t\t\t\t\t\t\t\t<div class=\"elementor-text-editor elementor-clearfix\">\n\t\t\t\t<p>Ennek ellen\u00e9re a nyirok utakat betegs\u00e9gek, fert\u0151z\u00e9sek, kezel\u00e9sek vagy oper\u00e1ci\u00f3k is k\u00e1ros\u00edthatj\u00e1k. Kezdetben seg\u00edt a l\u00e1bak magasra t\u00e9tele. Ennek ellen\u00e9re a megk\u00f6nnyebb\u00fcl\u00e9s gyakran nem tart sok\u00e1ig. A nyirok\u00f6d\u00e9m\u00e1t mi g\u00e9ppel, 12 kamr\u00e1s rendszerrel kezelj\u00fck.<\/p>\n\t\t\t\t\t<\/div>\n\t\t\t\t\t\t<\/div>\n\t\t\t\t<\/div>\n\t\t\t\t<div class=\"elementor-element elementor-element-7d119b1 elementor-widget elementor-widget-heading\" data-id=\"7d119b1\" data-element_type=\"widget\" data-widget_type=\"heading.default\">\n\t\t\t\t<div class=\"elementor-widget-container\">\n\t\t\t<h3 class=\"elementor-heading-title elementor-size-default\">Nyirok nedv<br \/>cs\u00f6kkent\u00e9se g\u00e9ppel<\/h3>\t\t<\/div>\n\t\t\t\t<\/div>\n\t\t\t\t<div class=\"elementor-element elementor-element-f1a36e8 elementor-widget elementor-widget-text-editor\" data-id=\"f1a36e8\" data-element_type=\"widget\" data-widget_type=\"text-editor.default\">\n\t\t\t\t<div class=\"elementor-widget-container\">\n\t\t\t\t\t\t\t\t<div class=\"elementor-text-editor elementor-clearfix\">\n\t\t\t\t<h6>Vizsg\u00e1lat<\/h6>\n<p>Ultrahanggal<\/p>\n<h6>\u200bKezel\u00e9s<\/h6>\n<p>nyirok dr\u00e9nez\u00e9s<\/p>\n<h6>\u200bId\u0151tartama<\/h6>\n<p>60 perc<\/p>\n<h6>\u200bKezel\u00e9sek gyakoris\u00e1ga<\/h6>\n<p>hetente 1-2 alkalommal<\/p>\n<h6>\u00c9rz\u00e9stelen\u00edt\u00e9s<\/h6>\n<p>nem sz\u00fcks\u00e9ges<\/p>\n<h6>\u200bAmire a beavatkoz\u00e1s el\u0151tt \u00fcgyelnie kell<\/h6>\n<p>szok\u00e1sos m\u00f3don \u00e9lje h\u00e9tk\u00f6znapj\u00e1t.<\/p>\n<h6>Amire a beavatkoz\u00e1s ut\u00e1n \u00fcgyelnie kell<\/h6>\n<p>igyon kiel\u00e9g\u00edt\u0151 mennyis\u00e9g\u0171 vizet.<\/p>\n<h6>Eredm\u00e9ny<\/h6>\n<p>a pang\u00e1s cs\u00f6kken.<\/p>\n\t\t\t\t\t<\/div>\n\t\t\t\t\t\t<\/div>\n\t\t\t\t<\/div>\n\t\t\t\t\t\t<\/div>\n\t\t\t\t\t<\/div>\n\t\t<\/div>\n\t\t\t\t<div class=\"elementor-column elementor-col-50 elementor-inner-column elementor-element elementor-element-28c5612\" data-id=\"28c5612\" data-element_type=\"column\">\n\t\t\t<div class=\"elementor-column-wrap elementor-element-populated\">\n\t\t\t\t\t\t\t<div class=\"elementor-widget-wrap\">\n\t\t\t\t\t\t<div class=\"elementor-element elementor-element-fa537fd elementor-widget elementor-widget-image\" data-id=\"fa537fd\" data-element_type=\"widget\" data-widget_type=\"image.default\">\n\t\t\t\t<div class=\"elementor-widget-container\">\n\t\t\t\t\t\t\t\t<div class=\"elementor-image\">\n\t\t\t\t\t\t\t\t\t<figure class=\"wp-caption\">\n\t\t\t\t\t\t\t\t\t\t<img decoding=\"async\" width=\"800\" height=\"1000\" src=\"https:\/\/www.vago.at\/wp-content\/uploads\/2021\/01\/oedeme-behandeln-geschwollene-fuesse.jpg\" class=\"attachment-large size-large wp-image-1773\" alt=\"\" srcset=\"https:\/\/www.vago.at\/wp-content\/uploads\/2021\/01\/oedeme-behandeln-geschwollene-fuesse.jpg 800w, https:\/\/www.vago.at\/wp-content\/uploads\/2021\/01\/oedeme-behandeln-geschwollene-fuesse-240x300.jpg 240w, https:\/\/www.vago.at\/wp-content\/uploads\/2021\/01\/oedeme-behandeln-geschwollene-fuesse-768x960.jpg 768w, https:\/\/www.vago.at\/wp-content\/uploads\/2021\/01\/oedeme-behandeln-geschwollene-fuesse-700x875.jpg 700w\" sizes=\"(max-width: 800px) 100vw, 800px\" \/>\t\t\t\t\t\t\t\t\t\t\t<figcaption class=\"widget-image-caption wp-caption-text\">F\u00e9nyk\u00e9p: cottonbro \/ pexels<\/figcaption>\n\t\t\t\t\t\t\t\t\t\t<\/figure>\n\t\t\t\t\t\t\t\t<\/div>\n\t\t\t\t\t\t<\/div>\n\t\t\t\t<\/div>\n\t\t\t\t\t\t<\/div>\n\t\t\t\t\t<\/div>\n\t\t<\/div>\n\t\t\t\t\t\t\t\t<\/div>\n\t\t\t\t\t<\/div>\n\t\t<\/section>\n\t\t\t\t\t\t<\/div>\n\t\t\t\t\t<\/div>\n\t\t<\/div>\n\t\t\t\t\t\t\t\t<\/div>\n\t\t\t\t\t<\/div>\n\t\t<\/section>\n\t\t\t\t<section class=\"elementor-section elementor-top-section elementor-element elementor-element-5c4c39c elementor-section-full_width elementor-section-height-default elementor-section-height-default parallax_section_no qode_elementor_container_no\" data-id=\"5c4c39c\" data-element_type=\"section\">\n\t\t\t\t\t\t<div class=\"elementor-container elementor-column-gap-narrow\">\n\t\t\t\t\t\t\t<div class=\"elementor-row\">\n\t\t\t\t\t<div class=\"elementor-column elementor-col-33 elementor-top-column elementor-element elementor-element-49cbdb7 animated-fast elementor-invisible\" data-id=\"49cbdb7\" data-element_type=\"column\" data-settings=\"{&quot;animation&quot;:&quot;fadeIn&quot;}\">\n\t\t\t<div class=\"elementor-column-wrap elementor-element-populated\">\n\t\t\t\t\t\t\t<div class=\"elementor-widget-wrap\">\n\t\t\t\t\t\t<div class=\"elementor-element elementor-element-f8ef11d elementor-widget elementor-widget-bridge_banner\" data-id=\"f8ef11d\" data-element_type=\"widget\" data-settings=\"{&quot;_animation&quot;:&quot;none&quot;}\" data-widget_type=\"bridge_banner.default\">\n\t\t\t\t<div class=\"elementor-widget-container\">\n\t\t\t<div class=\"qode-banner qode-banner-va-top\"><a class=\"qode-banner-link\" href=\"https:\/\/www.vago.at\/hu\/lipoedem-sajnos-bar-minden-tizedik-not-erint-alig-beszel-rola-valaki\/\" target=\"_self\"><\/a><div class=\"qode-banner-image\"><img decoding=\"async\" itemprop=\"image\" src=\"https:\/\/www.vago.at\/wp-content\/uploads\/2020\/08\/widget-lipoedem.jpg\" alt=\"\" \/><\/div><div class=\"qode-banner-content\"><div class=\"qode-banner-content-inner\"><div class=\"qode-banner-text-holder\"><div style=\"text-align: left;\"><h5 style=\"font-size:25px;\">Lip\u00f6d\u00e9ma van?<\/h5><a href=\"https:\/\/www.vago.at\/hu\/lipoedem-sajnos-bar-minden-tizedik-not-erint-alig-beszel-rola-valaki\/\" class=\"qode-banner-button\">Tudj meg t\u00f6bbet<\/a><\/div><\/div><\/div><\/div><\/div>\t\t<\/div>\n\t\t\t\t<\/div>\n\t\t\t\t\t\t<\/div>\n\t\t\t\t\t<\/div>\n\t\t<\/div>\n\t\t\t\t<div class=\"elementor-column elementor-col-33 elementor-top-column elementor-element elementor-element-fad7c69\" data-id=\"fad7c69\" data-element_type=\"column\">\n\t\t\t<div class=\"elementor-column-wrap elementor-element-populated\">\n\t\t\t\t\t\t\t<div class=\"elementor-widget-wrap\">\n\t\t\t\t\t\t<div class=\"elementor-element elementor-element-351cd86 elementor-widget elementor-widget-bridge_banner\" data-id=\"351cd86\" data-element_type=\"widget\" data-settings=\"{&quot;_animation&quot;:&quot;none&quot;,&quot;_animation_delay&quot;:400}\" data-widget_type=\"bridge_banner.default\">\n\t\t\t\t<div class=\"elementor-widget-container\">\n\t\t\t<div class=\"qode-banner qode-banner-va-top\"><a class=\"qode-banner-link\" href=\"https:\/\/www.vago.at\/hu\/borgyogyaszat\/praevention-von-hautkrebs\/\" target=\"_self\"><\/a><div class=\"qode-banner-image\"><img decoding=\"async\" itemprop=\"image\" src=\"https:\/\/www.vago.at\/wp-content\/uploads\/2021\/01\/widget-face-1.jpg\" alt=\"\" \/><\/div><div class=\"qode-banner-content\"><div class=\"qode-banner-content-inner\"><div class=\"qode-banner-text-holder\"><div style=\"text-align: left;\"><h5 style=\"font-size:25px;\">\u00cdgy v\u00e9dekezhet<br\/> a b\u0151rr\u00e1k ellen.<\/h5><a href=\"https:\/\/www.vago.at\/hu\/borgyogyaszat\/praevention-von-hautkrebs\/\" class=\"qode-banner-button\">Tudj meg t\u00f6bbet<\/a><\/div><\/div><\/div><\/div><\/div>\t\t<\/div>\n\t\t\t\t<\/div>\n\t\t\t\t\t\t<\/div>\n\t\t\t\t\t<\/div>\n\t\t<\/div>\n\t\t\t\t<div class=\"elementor-column elementor-col-33 elementor-top-column elementor-element elementor-element-a75b3cd\" data-id=\"a75b3cd\" data-element_type=\"column\">\n\t\t\t<div class=\"elementor-column-wrap elementor-element-populated\">\n\t\t\t\t\t\t\t<div class=\"elementor-widget-wrap\">\n\t\t\t\t\t\t<div class=\"elementor-element elementor-element-c81bacb elementor-widget elementor-widget-bridge_banner\" data-id=\"c81bacb\" data-element_type=\"widget\" data-settings=\"{&quot;_animation&quot;:&quot;none&quot;,&quot;_animation_delay&quot;:200}\" data-widget_type=\"bridge_banner.default\">\n\t\t\t\t<div class=\"elementor-widget-container\">\n\t\t\t<div class=\"qode-banner qode-banner-va-top\"><a class=\"qode-banner-link\" href=\"https:\/\/www.vago.at\/hu\/vena-megbetegedesek\/\" target=\"_self\"><\/a><div class=\"qode-banner-image\"><img decoding=\"async\" itemprop=\"image\" src=\"https:\/\/www.vago.at\/wp-content\/uploads\/2021\/01\/widget-krampfadern.jpg\" alt=\"\" \/><\/div><div class=\"qode-banner-content\"><div class=\"qode-banner-content-inner\"><div class=\"qode-banner-text-holder\"><div style=\"text-align:left\"><h5 style=\"font-size:25px;\">A v\u00e9n\u00e1s betegs\u00e9gek<br\/> id\u0151ben t\u00f6rt\u00e9n\u0151 felismer\u00e9se<br\/> \u00e9s kezel\u00e9se.<\/h5><a href=\"https:\/\/www.vago.at\/hu\/vena-megbetegedesek\/\" class=\"qode-banner-button\">Tudj meg t\u00f6bbet<\/a><\/div><\/div><\/div><\/div><\/div>\t\t<\/div>\n\t\t\t\t<\/div>\n\t\t\t\t\t\t<\/div>\n\t\t\t\t\t<\/div>\n\t\t<\/div>\n\t\t\t\t\t\t\t\t<\/div>\n\t\t\t\t\t<\/div>\n\t\t<\/section>\n\t\t\t\t\t\t\t\t\t<\/div>\n\t\t\t<\/div>\n\t\t\t\t\t<\/div>\n\t\t","protected":false},"excerpt":{"rendered":"<p>Nyirokpang\u00e1skor a boka \u00e9s a l\u00e1b el\u00fcls\u0151 r\u00e9sze, gyakran eg\u00e9szen a l\u00e1bujjhegyekig megdagad. A nyirok \u00f6d\u00e9ma sz\u00fclet\u00e9st\u0151l fenn\u00e1llhat. Ennek ellen\u00e9re a nyirok utakat betegs\u00e9gek, fert\u0151z\u00e9sek, kezel\u00e9sek vagy oper\u00e1ci\u00f3k is k\u00e1ros\u00edthatj\u00e1k. Kezdetben seg\u00edt a l\u00e1bak magasra t\u00e9tele. Ennek ellen\u00e9re a megk\u00f6nnyebb\u00fcl\u00e9s gyakran nem tart sok\u00e1ig. A&#8230;<\/p>\n","protected":false},"author":2,"featured_media":0,"parent":1898,"menu_order":0,"comment_status":"closed","ping_status":"closed","template":"full_width.php","meta":{"footnotes":""},"yoast_head":"<!-- This site is optimized with the Yoast SEO plugin v20.5 - https:\/\/yoast.com\/wordpress\/plugins\/seo\/ -->\n<title>\u00d6d\u00e9ma \u00e9s duzzadt l\u00e1bak kezel\u00e9se: B\u00e9csben Dr. Bernadette Vago<\/title>\n<meta name=\"description\" content=\"Amikor a nyirok fel\u00e9p\u00fcl, a bok\u00e1k \u00e9s az el\u00fcls\u0151 l\u00e1bak gyakran felduzzadnak a l\u00e1bujjakig. A nyirok\u00f6d\u00e9ma velesz\u00fcletett lehet. Felszentel\u00e9s dr. Bernadette Vago B\u00e9csben.\" \/>\n<meta name=\"robots\" content=\"index, follow, max-snippet:-1, max-image-preview:large, max-video-preview:-1\" \/>\n<link rel=\"canonical\" href=\"https:\/\/www.vago.at\/hu\/borgyogyaszat\/az-oedema-kezelese\/\" \/>\n<meta property=\"og:locale\" content=\"hu_HU\" \/>\n<meta property=\"og:type\" content=\"article\" \/>\n<meta property=\"og:title\" content=\"\u00d6d\u00e9ma \u00e9s duzzadt l\u00e1bak kezel\u00e9se: B\u00e9csben Dr. Bernadette Vago\" \/>\n<meta property=\"og:description\" content=\"Amikor a nyirok fel\u00e9p\u00fcl, a bok\u00e1k \u00e9s az el\u00fcls\u0151 l\u00e1bak gyakran felduzzadnak a l\u00e1bujjakig. A nyirok\u00f6d\u00e9ma velesz\u00fcletett lehet. Felszentel\u00e9s dr. Bernadette Vago B\u00e9csben.\" \/>\n<meta property=\"og:url\" content=\"https:\/\/www.vago.at\/hu\/borgyogyaszat\/az-oedema-kezelese\/\" \/>\n<meta property=\"og:site_name\" content=\"Haut\u00e4rztin Dr. Vago | Expertin f\u00fcr Lip\u00f6deme in Wien\" \/>\n<meta property=\"article:modified_time\" content=\"2022-10-13T12:04:07+00:00\" \/>\n<meta property=\"og:image\" content=\"https:\/\/www.vago.at\/wp-content\/uploads\/2021\/01\/oedeme-behandeln-geschwollene-fuesse.jpg\" \/>\n<meta name=\"twitter:card\" content=\"summary_large_image\" \/>\n<meta name=\"twitter:label1\" content=\"Becs\u00fclt olvas\u00e1si id\u0151\" \/>\n\t<meta name=\"twitter:data1\" content=\"1 perc\" \/>\n<script type=\"application\/ld+json\" class=\"yoast-schema-graph\">{\"@context\":\"https:\/\/schema.org\",\"@graph\":[{\"@type\":\"WebPage\",\"@id\":\"https:\/\/www.vago.at\/hu\/borgyogyaszat\/az-oedema-kezelese\/\",\"url\":\"https:\/\/www.vago.at\/hu\/borgyogyaszat\/az-oedema-kezelese\/\",\"name\":\"\u00d6d\u00e9ma \u00e9s duzzadt l\u00e1bak kezel\u00e9se: B\u00e9csben Dr. Bernadette Vago\",\"isPartOf\":{\"@id\":\"https:\/\/www.vago.at\/#website\"},\"datePublished\":\"2021-10-13T17:46:48+00:00\",\"dateModified\":\"2022-10-13T12:04:07+00:00\",\"description\":\"Amikor a nyirok fel\u00e9p\u00fcl, a bok\u00e1k \u00e9s az el\u00fcls\u0151 l\u00e1bak gyakran felduzzadnak a l\u00e1bujjakig. A nyirok\u00f6d\u00e9ma velesz\u00fcletett lehet. Felszentel\u00e9s dr. Bernadette Vago B\u00e9csben.\",\"breadcrumb\":{\"@id\":\"https:\/\/www.vago.at\/hu\/borgyogyaszat\/az-oedema-kezelese\/#breadcrumb\"},\"inLanguage\":\"hu\",\"potentialAction\":[{\"@type\":\"ReadAction\",\"target\":[\"https:\/\/www.vago.at\/hu\/borgyogyaszat\/az-oedema-kezelese\/\"]}]},{\"@type\":\"BreadcrumbList\",\"@id\":\"https:\/\/www.vago.at\/hu\/borgyogyaszat\/az-oedema-kezelese\/#breadcrumb\",\"itemListElement\":[{\"@type\":\"ListItem\",\"position\":1,\"name\":\"Startseite\",\"item\":\"https:\/\/www.vago.at\/hu\/home\/\"},{\"@type\":\"ListItem\",\"position\":2,\"name\":\"B\u0151rgy\u00f3gy\u00e1szat\",\"item\":\"https:\/\/www.vago.at\/hu\/borgyogyaszat\/\"},{\"@type\":\"ListItem\",\"position\":3,\"name\":\"Az \u00f6d\u00e9ma kezel\u00e9se\"}]},{\"@type\":\"WebSite\",\"@id\":\"https:\/\/www.vago.at\/#website\",\"url\":\"https:\/\/www.vago.at\/\",\"name\":\"Haut\u00e4rztin Dr. Vago | Expertin f\u00fcr Lip\u00f6deme in Wien\",\"description\":\"Ihre Expertin f\u00fcr Lip\u00f6dem, Venen &amp; Haut \u2013 modern, menschlich, medizinisch fundiert.\",\"potentialAction\":[{\"@type\":\"SearchAction\",\"target\":{\"@type\":\"EntryPoint\",\"urlTemplate\":\"https:\/\/www.vago.at\/?s={search_term_string}\"},\"query-input\":\"required name=search_term_string\"}],\"inLanguage\":\"hu\"}]}<\/script>\n<!-- \/ Yoast SEO plugin. -->","yoast_head_json":{"title":"\u00d6d\u00e9ma \u00e9s duzzadt l\u00e1bak kezel\u00e9se: B\u00e9csben Dr. Bernadette Vago","description":"Amikor a nyirok fel\u00e9p\u00fcl, a bok\u00e1k \u00e9s az el\u00fcls\u0151 l\u00e1bak gyakran felduzzadnak a l\u00e1bujjakig. A nyirok\u00f6d\u00e9ma velesz\u00fcletett lehet. Felszentel\u00e9s dr. Bernadette Vago B\u00e9csben.","robots":{"index":"index","follow":"follow","max-snippet":"max-snippet:-1","max-image-preview":"max-image-preview:large","max-video-preview":"max-video-preview:-1"},"canonical":"https:\/\/www.vago.at\/hu\/borgyogyaszat\/az-oedema-kezelese\/","og_locale":"hu_HU","og_type":"article","og_title":"\u00d6d\u00e9ma \u00e9s duzzadt l\u00e1bak kezel\u00e9se: B\u00e9csben Dr. Bernadette Vago","og_description":"Amikor a nyirok fel\u00e9p\u00fcl, a bok\u00e1k \u00e9s az el\u00fcls\u0151 l\u00e1bak gyakran felduzzadnak a l\u00e1bujjakig. A nyirok\u00f6d\u00e9ma velesz\u00fcletett lehet. Felszentel\u00e9s dr. Bernadette Vago B\u00e9csben.","og_url":"https:\/\/www.vago.at\/hu\/borgyogyaszat\/az-oedema-kezelese\/","og_site_name":"Haut\u00e4rztin Dr. Vago | Expertin f\u00fcr Lip\u00f6deme in Wien","article_modified_time":"2022-10-13T12:04:07+00:00","og_image":[{"url":"https:\/\/www.vago.at\/wp-content\/uploads\/2021\/01\/oedeme-behandeln-geschwollene-fuesse.jpg"}],"twitter_card":"summary_large_image","twitter_misc":{"Becs\u00fclt olvas\u00e1si id\u0151":"1 perc"},"schema":{"@context":"https:\/\/schema.org","@graph":[{"@type":"WebPage","@id":"https:\/\/www.vago.at\/hu\/borgyogyaszat\/az-oedema-kezelese\/","url":"https:\/\/www.vago.at\/hu\/borgyogyaszat\/az-oedema-kezelese\/","name":"\u00d6d\u00e9ma \u00e9s duzzadt l\u00e1bak kezel\u00e9se: B\u00e9csben Dr. Bernadette Vago","isPartOf":{"@id":"https:\/\/www.vago.at\/#website"},"datePublished":"2021-10-13T17:46:48+00:00","dateModified":"2022-10-13T12:04:07+00:00","description":"Amikor a nyirok fel\u00e9p\u00fcl, a bok\u00e1k \u00e9s az el\u00fcls\u0151 l\u00e1bak gyakran felduzzadnak a l\u00e1bujjakig. A nyirok\u00f6d\u00e9ma velesz\u00fcletett lehet. Felszentel\u00e9s dr. Bernadette Vago B\u00e9csben.","breadcrumb":{"@id":"https:\/\/www.vago.at\/hu\/borgyogyaszat\/az-oedema-kezelese\/#breadcrumb"},"inLanguage":"hu","potentialAction":[{"@type":"ReadAction","target":["https:\/\/www.vago.at\/hu\/borgyogyaszat\/az-oedema-kezelese\/"]}]},{"@type":"BreadcrumbList","@id":"https:\/\/www.vago.at\/hu\/borgyogyaszat\/az-oedema-kezelese\/#breadcrumb","itemListElement":[{"@type":"ListItem","position":1,"name":"Startseite","item":"https:\/\/www.vago.at\/hu\/home\/"},{"@type":"ListItem","position":2,"name":"B\u0151rgy\u00f3gy\u00e1szat","item":"https:\/\/www.vago.at\/hu\/borgyogyaszat\/"},{"@type":"ListItem","position":3,"name":"Az \u00f6d\u00e9ma kezel\u00e9se"}]},{"@type":"WebSite","@id":"https:\/\/www.vago.at\/#website","url":"https:\/\/www.vago.at\/","name":"Haut\u00e4rztin Dr. Vago | Expertin f\u00fcr Lip\u00f6deme in Wien","description":"Ihre Expertin f\u00fcr Lip\u00f6dem, Venen &amp; Haut \u2013 modern, menschlich, medizinisch fundiert.","potentialAction":[{"@type":"SearchAction","target":{"@type":"EntryPoint","urlTemplate":"https:\/\/www.vago.at\/?s={search_term_string}"},"query-input":"required name=search_term_string"}],"inLanguage":"hu"}]}},"_links":{"self":[{"href":"https:\/\/www.vago.at\/hu\/wp-json\/wp\/v2\/pages\/1874"}],"collection":[{"href":"https:\/\/www.vago.at\/hu\/wp-json\/wp\/v2\/pages"}],"about":[{"href":"https:\/\/www.vago.at\/hu\/wp-json\/wp\/v2\/types\/page"}],"author":[{"embeddable":true,"href":"https:\/\/www.vago.at\/hu\/wp-json\/wp\/v2\/users\/2"}],"replies":[{"embeddable":true,"href":"https:\/\/www.vago.at\/hu\/wp-json\/wp\/v2\/comments?post=1874"}],"version-history":[{"count":5,"href":"https:\/\/www.vago.at\/hu\/wp-json\/wp\/v2\/pages\/1874\/revisions"}],"predecessor-version":[{"id":2009,"href":"https:\/\/www.vago.at\/hu\/wp-json\/wp\/v2\/pages\/1874\/revisions\/2009"}],"up":[{"embeddable":true,"href":"https:\/\/www.vago.at\/hu\/wp-json\/wp\/v2\/pages\/1898"}],"wp:attachment":[{"href":"https:\/\/www.vago.at\/hu\/wp-json\/wp\/v2\/media?parent=1874"}],"curies":[{"name":"wp","href":"https:\/\/api.w.org\/{rel}","templated":true}]}}