{"id":1881,"date":"2021-10-14T15:35:18","date_gmt":"2021-10-14T13:35:18","guid":{"rendered":"https:\/\/www.vago.at\/tavolitsa-el-a-hegeket-es-csikokat\/"},"modified":"2021-10-15T14:11:54","modified_gmt":"2021-10-15T12:11:54","slug":"tavolitsa-el-a-hegeket-es-csikokat","status":"publish","type":"page","link":"https:\/\/www.vago.at\/hu\/esztetikai-gyogyaszat\/tavolitsa-el-a-hegeket-es-csikokat\/","title":{"rendered":"T\u00e1vol\u00edtsa el a hegeket \u00e9s cs\u00edkokat"},"content":{"rendered":"\t\t<div data-elementor-type=\"wp-page\" data-elementor-id=\"1881\" class=\"elementor elementor-1881 elementor-724\">\n\t\t\t\t\t\t<div class=\"elementor-inner\">\n\t\t\t\t<div class=\"elementor-section-wrap\">\n\t\t\t\t\t\t\t\t\t<section class=\"elementor-section elementor-top-section elementor-element elementor-element-67f4a77 elementor-section-boxed elementor-section-height-default elementor-section-height-default parallax_section_no qode_elementor_container_no\" data-id=\"67f4a77\" data-element_type=\"section\">\n\t\t\t\t\t\t<div class=\"elementor-container elementor-column-gap-default\">\n\t\t\t\t\t\t\t<div class=\"elementor-row\">\n\t\t\t\t\t<div class=\"elementor-column elementor-col-100 elementor-top-column elementor-element elementor-element-2b6d09a\" data-id=\"2b6d09a\" data-element_type=\"column\">\n\t\t\t<div class=\"elementor-column-wrap elementor-element-populated\">\n\t\t\t\t\t\t\t<div class=\"elementor-widget-wrap\">\n\t\t\t\t\t\t<section class=\"elementor-section elementor-inner-section elementor-element elementor-element-ed01ff4 elementor-section-boxed elementor-section-height-default elementor-section-height-default parallax_section_no qode_elementor_container_no\" data-id=\"ed01ff4\" data-element_type=\"section\">\n\t\t\t\t\t\t<div class=\"elementor-container elementor-column-gap-wider\">\n\t\t\t\t\t\t\t<div class=\"elementor-row\">\n\t\t\t\t\t<div class=\"elementor-column elementor-col-50 elementor-inner-column elementor-element elementor-element-52ac4d2\" data-id=\"52ac4d2\" data-element_type=\"column\">\n\t\t\t<div class=\"elementor-column-wrap elementor-element-populated\">\n\t\t\t\t\t\t\t<div class=\"elementor-widget-wrap\">\n\t\t\t\t\t\t<div class=\"elementor-element elementor-element-d160f86 elementor-widget elementor-widget-text-editor\" data-id=\"d160f86\" data-element_type=\"widget\" data-widget_type=\"text-editor.default\">\n\t\t\t\t<div class=\"elementor-widget-container\">\n\t\t\t\t\t\t\t\t<div class=\"elementor-text-editor elementor-clearfix\">\n\t\t\t\t<h3>A terhess\u00e9gi cs\u00edkokat (stria), a nap\u00e1rtalmakat, az akne hegeket, a hegek minden fajt\u00e1j\u00e1t, a r\u00e1ncokat \u00e9s az \u00f6reged\u00e9s m\u00e1s jeleit most hat\u00e9konyan tudjuk kezelni a frakcion\u00e1lt CO2 technol\u00f3gia leg\u00fajabb gener\u00e1ci\u00f3j\u00e1val. <\/h3>\n\t\t\t\t\t<\/div>\n\t\t\t\t\t\t<\/div>\n\t\t\t\t<\/div>\n\t\t\t\t<div class=\"elementor-element elementor-element-4f439df elementor-widget elementor-widget-text-editor\" data-id=\"4f439df\" data-element_type=\"widget\" data-widget_type=\"text-editor.default\">\n\t\t\t\t<div class=\"elementor-widget-container\">\n\t\t\t\t\t\t\t\t<div class=\"elementor-text-editor elementor-clearfix\">\n\t\t\t\t<p>A nem-elt\u00e1vol\u00edt\u00e1s elv\u00e9n m\u0171k\u00f6d\u0151 frakcion\u00e1l\u00f3s CO2 l\u00e9zer a h\u00e1mr\u00e9tegbe hatol be. Ez azt jelenti, hogy a l\u00e9zer a b\u0151r r\u00e9tegeit a fels\u0151 r\u00e9teg alatt kezeli an\u00e9lk\u00fcl, hogy a fels\u0151 r\u00e9teget megs\u00e9rten\u00e9.<\/p>\n<p>Ez l\u00e9nyegesen cs\u00f6kkenti a kezel\u00e9s ut\u00e1ni kies\u0151 id\u0151t \u00e9s a fell\u00e9phet\u0151 komplik\u00e1ci\u00f3k sz\u00e1m\u00e1t.<\/p>\n<p>Az \u00faj kollag\u00e9nek k\u00e9pz\u0151d\u00e9se \u00e1ltal gy\u00f3gyul a b\u0151r a r\u00e1k\u00f6vetkez\u0151 napokban. A b\u0151r frissnek \u00e9s eg\u00e9szs\u00e9gesnek n\u00e9z ki.<\/p>\n<p>A lehets\u00e9ges kezel\u00e9sek spektruma nagyon nagy \u00e9s k\u00fcl\u00f6nb\u00f6znek egym\u00e1st\u00f3l az intenzit\u00e1s, a kies\u0151 id\u0151 \u00e9s az eredm\u00e9nyek szempontj\u00e1b\u00f3l.<\/p>\n<h6>Kezel\u00e9si lehet\u0151s\u00e9gek<\/h6>\n<ul>\n<li>t\u00e1gul\u00e1si- \u00e9s terhess\u00e9gi cs\u00edkok <\/li>\n<li>kisebb r\u00e1ncocsk\u00e1k \u00e9s m\u00e9lyebb r\u00e1ncok a szem, fels\u0151ajak \u00e9s az orca ter\u00fclet\u00e9n <\/li>\n<li>mindenfajta r\u00e1nc az arcon \u00e9s a testen is <\/li>\n<li>akne hegek <\/li>\n<li>nap okozta \u00e1rtalmak az arc, dekolt\u00e1zs \u00e9s a nyak b\u0151rfel\u00fclet\u00e9n <\/li>\n<li>nagy p\u00f3rus\u00fa b\u0151r, b\u0151r kiemelked\u00e9sek jav\u00edt\u00e1sa <\/li>\n<\/ul>\n\t\t\t\t\t<\/div>\n\t\t\t\t\t\t<\/div>\n\t\t\t\t<\/div>\n\t\t\t\t\t\t<\/div>\n\t\t\t\t\t<\/div>\n\t\t<\/div>\n\t\t\t\t<div class=\"elementor-column elementor-col-50 elementor-inner-column elementor-element elementor-element-28c5612\" data-id=\"28c5612\" data-element_type=\"column\">\n\t\t\t<div class=\"elementor-column-wrap elementor-element-populated\">\n\t\t\t\t\t\t\t<div class=\"elementor-widget-wrap\">\n\t\t\t\t\t\t<div class=\"elementor-element elementor-element-fa537fd elementor-widget elementor-widget-image\" data-id=\"fa537fd\" data-element_type=\"widget\" data-widget_type=\"image.default\">\n\t\t\t\t<div class=\"elementor-widget-container\">\n\t\t\t\t\t\t\t\t<div class=\"elementor-image\">\n\t\t\t\t\t\t\t\t\t<figure class=\"wp-caption\">\n\t\t\t\t\t\t\t\t\t\t<img decoding=\"async\" width=\"800\" height=\"1000\" src=\"https:\/\/www.vago.at\/wp-content\/uploads\/2021\/01\/schwangerschaftsstreifen-entfernen.jpg\" class=\"attachment-large size-large wp-image-1783\" alt=\"\" srcset=\"https:\/\/www.vago.at\/wp-content\/uploads\/2021\/01\/schwangerschaftsstreifen-entfernen.jpg 800w, https:\/\/www.vago.at\/wp-content\/uploads\/2021\/01\/schwangerschaftsstreifen-entfernen-240x300.jpg 240w, https:\/\/www.vago.at\/wp-content\/uploads\/2021\/01\/schwangerschaftsstreifen-entfernen-768x960.jpg 768w, https:\/\/www.vago.at\/wp-content\/uploads\/2021\/01\/schwangerschaftsstreifen-entfernen-700x875.jpg 700w\" sizes=\"(max-width: 800px) 100vw, 800px\" \/>\t\t\t\t\t\t\t\t\t\t\t<figcaption class=\"widget-image-caption wp-caption-text\">F\u00e9nyk\u00e9p: Sora Shimazaki \/ pexels<\/figcaption>\n\t\t\t\t\t\t\t\t\t\t<\/figure>\n\t\t\t\t\t\t\t\t<\/div>\n\t\t\t\t\t\t<\/div>\n\t\t\t\t<\/div>\n\t\t\t\t\t\t<\/div>\n\t\t\t\t\t<\/div>\n\t\t<\/div>\n\t\t\t\t\t\t\t\t<\/div>\n\t\t\t\t\t<\/div>\n\t\t<\/section>\n\t\t\t\t\t\t<\/div>\n\t\t\t\t\t<\/div>\n\t\t<\/div>\n\t\t\t\t\t\t\t\t<\/div>\n\t\t\t\t\t<\/div>\n\t\t<\/section>\n\t\t\t\t<section class=\"elementor-section elementor-top-section elementor-element elementor-element-44548d2 bg-grau elementor-section-boxed elementor-section-height-default elementor-section-height-default parallax_section_no qode_elementor_container_no\" data-id=\"44548d2\" data-element_type=\"section\">\n\t\t\t\t\t\t<div class=\"elementor-container elementor-column-gap-default\">\n\t\t\t\t\t\t\t<div class=\"elementor-row\">\n\t\t\t\t\t<div class=\"elementor-column elementor-col-100 elementor-top-column elementor-element elementor-element-3beb80f\" data-id=\"3beb80f\" data-element_type=\"column\">\n\t\t\t<div class=\"elementor-column-wrap elementor-element-populated\">\n\t\t\t\t\t\t\t<div class=\"elementor-widget-wrap\">\n\t\t\t\t\t\t<section class=\"elementor-section elementor-inner-section elementor-element elementor-element-1e4e09e elementor-section-boxed elementor-section-height-default elementor-section-height-default parallax_section_no qode_elementor_container_no\" data-id=\"1e4e09e\" data-element_type=\"section\">\n\t\t\t\t\t\t<div class=\"elementor-container elementor-column-gap-wide\">\n\t\t\t\t\t\t\t<div class=\"elementor-row\">\n\t\t\t\t\t<div class=\"elementor-column elementor-col-50 elementor-inner-column elementor-element elementor-element-3fb91be\" data-id=\"3fb91be\" data-element_type=\"column\">\n\t\t\t<div class=\"elementor-column-wrap elementor-element-populated\">\n\t\t\t\t\t\t\t<div class=\"elementor-widget-wrap\">\n\t\t\t\t\t\t<div class=\"elementor-element elementor-element-8332d74 elementor-widget elementor-widget-heading\" data-id=\"8332d74\" data-element_type=\"widget\" data-widget_type=\"heading.default\">\n\t\t\t\t<div class=\"elementor-widget-container\">\n\t\t\t<h3 class=\"elementor-heading-title elementor-size-default\">A kev\u00e9sb\u00e9 intenz\u00edv kezel\u00e9s<\/h3>\t\t<\/div>\n\t\t\t\t<\/div>\n\t\t\t\t<div class=\"elementor-element elementor-element-226e8b3 elementor-widget elementor-widget-text-editor\" data-id=\"226e8b3\" data-element_type=\"widget\" data-widget_type=\"text-editor.default\">\n\t\t\t\t<div class=\"elementor-widget-container\">\n\t\t\t\t\t\t\t\t<div class=\"elementor-text-editor elementor-clearfix\">\n\t\t\t\t<p class=\"font_8\">A kev\u00e9sb\u00e9 intenz\u00edv kezel\u00e9s kiv\u00e1l\u00f3 eredm\u00e9nyt hoz k\u00f6nny\u0171 vagy k\u00f6zepes m\u00e9rt\u00e9kben s\u00e9r\u00fclt b\u0151r eset\u00e9ben. 2-4 kezel\u00e9s sz\u00fcks\u00e9ges, a kezel\u00e9sek k\u00f6z\u00f6tti id\u0151tartam 6 h\u00e9t. A b\u0151r csak enyh\u00e9n pirosodik be \u00e9s az els\u0151 napokban tapint\u00e1sa \u00e9rdes \u00e9rz\u00e9st kelt. Make-up a kezel\u00e9s ut\u00e1ni els\u0151 napt\u00f3l alkalmazhat\u00f3 (haszn\u00e1lhat\u00f3). <\/p>\n\t\t\t\t\t<\/div>\n\t\t\t\t\t\t<\/div>\n\t\t\t\t<\/div>\n\t\t\t\t\t\t<\/div>\n\t\t\t\t\t<\/div>\n\t\t<\/div>\n\t\t\t\t<div class=\"elementor-column elementor-col-50 elementor-inner-column elementor-element elementor-element-87f4664\" data-id=\"87f4664\" data-element_type=\"column\">\n\t\t\t<div class=\"elementor-column-wrap elementor-element-populated\">\n\t\t\t\t\t\t\t<div class=\"elementor-widget-wrap\">\n\t\t\t\t\t\t<div class=\"elementor-element elementor-element-3ca3673 elementor-widget elementor-widget-heading\" data-id=\"3ca3673\" data-element_type=\"widget\" data-widget_type=\"heading.default\">\n\t\t\t\t<div class=\"elementor-widget-container\">\n\t\t\t<h3 class=\"elementor-heading-title elementor-size-default\">Az intenz\u00edvebb kezel\u00e9sek<\/h3>\t\t<\/div>\n\t\t\t\t<\/div>\n\t\t\t\t<div class=\"elementor-element elementor-element-cffb34e elementor-widget elementor-widget-text-editor\" data-id=\"cffb34e\" data-element_type=\"widget\" data-widget_type=\"text-editor.default\">\n\t\t\t\t<div class=\"elementor-widget-container\">\n\t\t\t\t\t\t\t\t<div class=\"elementor-text-editor elementor-clearfix\">\n\t\t\t\t<p class=\"font_8\">Az intenz\u00edvebb kezel\u00e9sek a nagym\u00e9rt\u00e9kben s\u00e9r\u00fclt b\u0151r \u00e9s m\u00e9ly r\u00e1ncok kezel\u00e9s\u00e9re alkalmasak. Enn\u00e9l a b\u0151r 5-7 napig er\u0151sen bepirosodik \u00e9s duzzadt. Tapint\u00e1sa sz\u00e1raz \u00e9s \u00e9rdes \u00e9rz\u00e9st kelt. Sebell\u00e1t\u00e1s azonban nem sz\u00fcks\u00e9ges. Make-up a kezel\u00e9s ut\u00e1ni m\u00e1sodik napt\u00f3l alkalmazhat\u00f3 (haszn\u00e1lhat\u00f3). Az optim\u00e1lis eredm\u00e9ny el\u00e9r\u00e9se \u00e9rdek\u00e9ben 2-4 kezel\u00e9s, \u00e9s a kezel\u00e9sek k\u00f6z\u00f6tt 8 h\u00e9t id\u0151tartam sz\u00fcks\u00e9ges<\/p>\n\t\t\t\t\t<\/div>\n\t\t\t\t\t\t<\/div>\n\t\t\t\t<\/div>\n\t\t\t\t\t\t<\/div>\n\t\t\t\t\t<\/div>\n\t\t<\/div>\n\t\t\t\t\t\t\t\t<\/div>\n\t\t\t\t\t<\/div>\n\t\t<\/section>\n\t\t\t\t\t\t<\/div>\n\t\t\t\t\t<\/div>\n\t\t<\/div>\n\t\t\t\t\t\t\t\t<\/div>\n\t\t\t\t\t<\/div>\n\t\t<\/section>\n\t\t\t\t<section class=\"elementor-section elementor-top-section elementor-element elementor-element-7b3c088 elementor-section-full_width elementor-section-height-default elementor-section-height-default parallax_section_no qode_elementor_container_no\" data-id=\"7b3c088\" data-element_type=\"section\">\n\t\t\t\t\t\t<div class=\"elementor-container elementor-column-gap-narrow\">\n\t\t\t\t\t\t\t<div class=\"elementor-row\">\n\t\t\t\t\t<div class=\"elementor-column elementor-col-33 elementor-top-column elementor-element elementor-element-bd2f1bf animated-fast elementor-invisible\" data-id=\"bd2f1bf\" data-element_type=\"column\" data-settings=\"{&quot;animation&quot;:&quot;fadeIn&quot;}\">\n\t\t\t<div class=\"elementor-column-wrap elementor-element-populated\">\n\t\t\t\t\t\t\t<div class=\"elementor-widget-wrap\">\n\t\t\t\t\t\t<div class=\"elementor-element elementor-element-41d8010 elementor-widget elementor-widget-bridge_banner\" data-id=\"41d8010\" data-element_type=\"widget\" data-settings=\"{&quot;_animation&quot;:&quot;none&quot;}\" data-widget_type=\"bridge_banner.default\">\n\t\t\t\t<div class=\"elementor-widget-container\">\n\t\t\t<div class=\"qode-banner qode-banner-va-top\"><a class=\"qode-banner-link\" href=\"\/lipoedem-behandeln-wien\" target=\"_self\"><\/a><div class=\"qode-banner-image\"><img decoding=\"async\" itemprop=\"image\" src=\"https:\/\/www.vago.at\/wp-content\/uploads\/2020\/08\/widget-lipoedem.jpg\" alt=\"\" \/><\/div><div class=\"qode-banner-content\"><div class=\"qode-banner-content-inner\"><div class=\"qode-banner-text-holder\"><div style=\"text-align: left;\"><h5 style=\"font-size:25px;\">Habe ich ein <br\/>Lip\u00f6dem?<\/h5>\n<a href=\"\/lipoedem-behandeln-wien\" class=\"qode-banner-button\">Mehr erfahren<\/a><\/div><\/div><\/div><\/div><\/div>\t\t<\/div>\n\t\t\t\t<\/div>\n\t\t\t\t\t\t<\/div>\n\t\t\t\t\t<\/div>\n\t\t<\/div>\n\t\t\t\t<div class=\"elementor-column elementor-col-33 elementor-top-column elementor-element elementor-element-9bf3c2c\" data-id=\"9bf3c2c\" data-element_type=\"column\">\n\t\t\t<div class=\"elementor-column-wrap elementor-element-populated\">\n\t\t\t\t\t\t\t<div class=\"elementor-widget-wrap\">\n\t\t\t\t\t\t<div class=\"elementor-element elementor-element-5ddabd0 elementor-widget elementor-widget-bridge_banner\" data-id=\"5ddabd0\" data-element_type=\"widget\" data-settings=\"{&quot;_animation&quot;:&quot;none&quot;,&quot;_animation_delay&quot;:400}\" data-widget_type=\"bridge_banner.default\">\n\t\t\t\t<div class=\"elementor-widget-container\">\n\t\t\t<div class=\"qode-banner qode-banner-va-top\"><a class=\"qode-banner-link\" href=\"\/hautkrebs-vorsorge-wien\" target=\"_self\"><\/a><div class=\"qode-banner-image\"><img decoding=\"async\" itemprop=\"image\" src=\"https:\/\/www.vago.at\/wp-content\/uploads\/2021\/01\/widget-face-1.jpg\" alt=\"\" \/><\/div><div class=\"qode-banner-content\"><div class=\"qode-banner-content-inner\"><div class=\"qode-banner-text-holder\"><div style=\"text-align: left;\"><h5 style=\"font-size:25px;\">So k\u00f6nnen Sie<br\/> gegen Hautkrebs<br \/>vorsorgen.<\/h5>\n<a href=\"\/hautkrebs-vorsorge-wien\" class=\"qode-banner-button\">Mehr erfahren<\/a><\/div><\/div><\/div><\/div><\/div>\t\t<\/div>\n\t\t\t\t<\/div>\n\t\t\t\t\t\t<\/div>\n\t\t\t\t\t<\/div>\n\t\t<\/div>\n\t\t\t\t<div class=\"elementor-column elementor-col-33 elementor-top-column elementor-element elementor-element-e4968e4\" data-id=\"e4968e4\" data-element_type=\"column\">\n\t\t\t<div class=\"elementor-column-wrap elementor-element-populated\">\n\t\t\t\t\t\t\t<div class=\"elementor-widget-wrap\">\n\t\t\t\t\t\t<div class=\"elementor-element elementor-element-bb280a0 elementor-widget elementor-widget-bridge_banner\" data-id=\"bb280a0\" data-element_type=\"widget\" data-settings=\"{&quot;_animation&quot;:&quot;none&quot;,&quot;_animation_delay&quot;:200}\" data-widget_type=\"bridge_banner.default\">\n\t\t\t\t<div class=\"elementor-widget-container\">\n\t\t\t<div class=\"qode-banner qode-banner-va-top\"><a class=\"qode-banner-link\" href=\"\/venenerkrankungen-krampfadern-besenreiser-behandeln\" target=\"_self\"><\/a><div class=\"qode-banner-image\"><img decoding=\"async\" itemprop=\"image\" src=\"https:\/\/www.vago.at\/wp-content\/uploads\/2021\/01\/widget-krampfadern.jpg\" alt=\"\" \/><\/div><div class=\"qode-banner-content\"><div class=\"qode-banner-content-inner\"><div class=\"qode-banner-text-holder\"><div style=\"text-align:left\"><h5 style=\"font-size:25px;\">Venenerkrankungen<br \/>rechtzeitig erkennen<br \/>und behandeln.<\/h5>\n<a href=\"\/venenerkrankungen-krampfadern-besenreiser-behandeln\" class=\"qode-banner-button\">Mehr erfahren<\/a><\/div><\/div><\/div><\/div><\/div>\t\t<\/div>\n\t\t\t\t<\/div>\n\t\t\t\t\t\t<\/div>\n\t\t\t\t\t<\/div>\n\t\t<\/div>\n\t\t\t\t\t\t\t\t<\/div>\n\t\t\t\t\t<\/div>\n\t\t<\/section>\n\t\t\t\t\t\t\t\t\t<\/div>\n\t\t\t<\/div>\n\t\t\t\t\t<\/div>\n\t\t","protected":false},"excerpt":{"rendered":"<p>A terhess\u00e9gi cs\u00edkokat (stria), a nap\u00e1rtalmakat, az akne hegeket, a hegek minden fajt\u00e1j\u00e1t, a r\u00e1ncokat \u00e9s az \u00f6reged\u00e9s m\u00e1s jeleit most hat\u00e9konyan tudjuk kezelni a frakcion\u00e1lt CO2 technol\u00f3gia leg\u00fajabb gener\u00e1ci\u00f3j\u00e1val. A nem-elt\u00e1vol\u00edt\u00e1s elv\u00e9n m\u0171k\u00f6d\u0151 frakcion\u00e1l\u00f3s CO2 l\u00e9zer a h\u00e1mr\u00e9tegbe hatol be. Ez azt jelenti, hogy&#8230;<\/p>\n","protected":false},"author":2,"featured_media":0,"parent":1891,"menu_order":0,"comment_status":"closed","ping_status":"closed","template":"full_width.php","meta":{"footnotes":""},"yoast_head":"<!-- This site is optimized with the Yoast SEO plugin v20.5 - https:\/\/yoast.com\/wordpress\/plugins\/seo\/ -->\n<title>T\u00e1vol\u00edtsa el a stri\u00e1kat, a napk\u00e1rosod\u00e1st \u00e9s a pattan\u00e1sos hegeket B\u00e9csben<\/title>\n<meta name=\"description\" content=\"Stri\u00e1k, napsug\u00e1rz\u00e1s, pattan\u00e1sos hegek, mindenf\u00e9le hegek, r\u00e1ncok \u00e9s egy\u00e9b \u00f6regs\u00e9gi jelek most hat\u00e9konyan kezelhet\u0151k a frakcion\u00e1lt CO2 technol\u00f3gia leg\u00fajabb gener\u00e1ci\u00f3j\u00e1val.\" \/>\n<meta name=\"robots\" content=\"index, follow, max-snippet:-1, max-image-preview:large, max-video-preview:-1\" \/>\n<link rel=\"canonical\" href=\"https:\/\/www.vago.at\/hu\/esztetikai-gyogyaszat\/tavolitsa-el-a-hegeket-es-csikokat\/\" \/>\n<meta property=\"og:locale\" content=\"hu_HU\" \/>\n<meta property=\"og:type\" content=\"article\" \/>\n<meta property=\"og:title\" content=\"T\u00e1vol\u00edtsa el a stri\u00e1kat, a napk\u00e1rosod\u00e1st \u00e9s a pattan\u00e1sos hegeket B\u00e9csben\" \/>\n<meta property=\"og:description\" content=\"Stri\u00e1k, napsug\u00e1rz\u00e1s, pattan\u00e1sos hegek, mindenf\u00e9le hegek, r\u00e1ncok \u00e9s egy\u00e9b \u00f6regs\u00e9gi jelek most hat\u00e9konyan kezelhet\u0151k a frakcion\u00e1lt CO2 technol\u00f3gia leg\u00fajabb gener\u00e1ci\u00f3j\u00e1val.\" \/>\n<meta property=\"og:url\" content=\"https:\/\/www.vago.at\/hu\/esztetikai-gyogyaszat\/tavolitsa-el-a-hegeket-es-csikokat\/\" \/>\n<meta property=\"og:site_name\" content=\"Haut\u00e4rztin Dr. Vago | Expertin f\u00fcr Lip\u00f6deme in Wien\" \/>\n<meta property=\"article:modified_time\" content=\"2021-10-15T12:11:54+00:00\" \/>\n<meta property=\"og:image\" content=\"https:\/\/www.vago.at\/wp-content\/uploads\/2021\/01\/schwangerschaftsstreifen-entfernen.jpg\" \/>\n<meta name=\"twitter:card\" content=\"summary_large_image\" \/>\n<meta name=\"twitter:label1\" content=\"Becs\u00fclt olvas\u00e1si id\u0151\" \/>\n\t<meta name=\"twitter:data1\" content=\"2 perc\" \/>\n<script type=\"application\/ld+json\" class=\"yoast-schema-graph\">{\"@context\":\"https:\/\/schema.org\",\"@graph\":[{\"@type\":\"WebPage\",\"@id\":\"https:\/\/www.vago.at\/hu\/esztetikai-gyogyaszat\/tavolitsa-el-a-hegeket-es-csikokat\/\",\"url\":\"https:\/\/www.vago.at\/hu\/esztetikai-gyogyaszat\/tavolitsa-el-a-hegeket-es-csikokat\/\",\"name\":\"T\u00e1vol\u00edtsa el a stri\u00e1kat, a napk\u00e1rosod\u00e1st \u00e9s a pattan\u00e1sos hegeket B\u00e9csben\",\"isPartOf\":{\"@id\":\"https:\/\/www.vago.at\/#website\"},\"datePublished\":\"2021-10-14T13:35:18+00:00\",\"dateModified\":\"2021-10-15T12:11:54+00:00\",\"description\":\"Stri\u00e1k, napsug\u00e1rz\u00e1s, pattan\u00e1sos hegek, mindenf\u00e9le hegek, r\u00e1ncok \u00e9s egy\u00e9b \u00f6regs\u00e9gi jelek most hat\u00e9konyan kezelhet\u0151k a frakcion\u00e1lt CO2 technol\u00f3gia leg\u00fajabb gener\u00e1ci\u00f3j\u00e1val.\",\"breadcrumb\":{\"@id\":\"https:\/\/www.vago.at\/hu\/esztetikai-gyogyaszat\/tavolitsa-el-a-hegeket-es-csikokat\/#breadcrumb\"},\"inLanguage\":\"hu\",\"potentialAction\":[{\"@type\":\"ReadAction\",\"target\":[\"https:\/\/www.vago.at\/hu\/esztetikai-gyogyaszat\/tavolitsa-el-a-hegeket-es-csikokat\/\"]}]},{\"@type\":\"BreadcrumbList\",\"@id\":\"https:\/\/www.vago.at\/hu\/esztetikai-gyogyaszat\/tavolitsa-el-a-hegeket-es-csikokat\/#breadcrumb\",\"itemListElement\":[{\"@type\":\"ListItem\",\"position\":1,\"name\":\"Startseite\",\"item\":\"https:\/\/www.vago.at\/hu\/home\/\"},{\"@type\":\"ListItem\",\"position\":2,\"name\":\"Eszt\u00e9tikai orvosl\u00e1s\",\"item\":\"https:\/\/www.vago.at\/hu\/esztetikai-gyogyaszat\/\"},{\"@type\":\"ListItem\",\"position\":3,\"name\":\"T\u00e1vol\u00edtsa el a hegeket \u00e9s cs\u00edkokat\"}]},{\"@type\":\"WebSite\",\"@id\":\"https:\/\/www.vago.at\/#website\",\"url\":\"https:\/\/www.vago.at\/\",\"name\":\"Haut\u00e4rztin Dr. Vago | Expertin f\u00fcr Lip\u00f6deme in Wien\",\"description\":\"Ihre Expertin f\u00fcr Lip\u00f6dem, Venen &amp; Haut \u2013 modern, menschlich, medizinisch fundiert.\",\"potentialAction\":[{\"@type\":\"SearchAction\",\"target\":{\"@type\":\"EntryPoint\",\"urlTemplate\":\"https:\/\/www.vago.at\/?s={search_term_string}\"},\"query-input\":\"required name=search_term_string\"}],\"inLanguage\":\"hu\"}]}<\/script>\n<!-- \/ Yoast SEO plugin. -->","yoast_head_json":{"title":"T\u00e1vol\u00edtsa el a stri\u00e1kat, a napk\u00e1rosod\u00e1st \u00e9s a pattan\u00e1sos hegeket B\u00e9csben","description":"Stri\u00e1k, napsug\u00e1rz\u00e1s, pattan\u00e1sos hegek, mindenf\u00e9le hegek, r\u00e1ncok \u00e9s egy\u00e9b \u00f6regs\u00e9gi jelek most hat\u00e9konyan kezelhet\u0151k a frakcion\u00e1lt CO2 technol\u00f3gia leg\u00fajabb gener\u00e1ci\u00f3j\u00e1val.","robots":{"index":"index","follow":"follow","max-snippet":"max-snippet:-1","max-image-preview":"max-image-preview:large","max-video-preview":"max-video-preview:-1"},"canonical":"https:\/\/www.vago.at\/hu\/esztetikai-gyogyaszat\/tavolitsa-el-a-hegeket-es-csikokat\/","og_locale":"hu_HU","og_type":"article","og_title":"T\u00e1vol\u00edtsa el a stri\u00e1kat, a napk\u00e1rosod\u00e1st \u00e9s a pattan\u00e1sos hegeket B\u00e9csben","og_description":"Stri\u00e1k, napsug\u00e1rz\u00e1s, pattan\u00e1sos hegek, mindenf\u00e9le hegek, r\u00e1ncok \u00e9s egy\u00e9b \u00f6regs\u00e9gi jelek most hat\u00e9konyan kezelhet\u0151k a frakcion\u00e1lt CO2 technol\u00f3gia leg\u00fajabb gener\u00e1ci\u00f3j\u00e1val.","og_url":"https:\/\/www.vago.at\/hu\/esztetikai-gyogyaszat\/tavolitsa-el-a-hegeket-es-csikokat\/","og_site_name":"Haut\u00e4rztin Dr. Vago | Expertin f\u00fcr Lip\u00f6deme in Wien","article_modified_time":"2021-10-15T12:11:54+00:00","og_image":[{"url":"https:\/\/www.vago.at\/wp-content\/uploads\/2021\/01\/schwangerschaftsstreifen-entfernen.jpg"}],"twitter_card":"summary_large_image","twitter_misc":{"Becs\u00fclt olvas\u00e1si id\u0151":"2 perc"},"schema":{"@context":"https:\/\/schema.org","@graph":[{"@type":"WebPage","@id":"https:\/\/www.vago.at\/hu\/esztetikai-gyogyaszat\/tavolitsa-el-a-hegeket-es-csikokat\/","url":"https:\/\/www.vago.at\/hu\/esztetikai-gyogyaszat\/tavolitsa-el-a-hegeket-es-csikokat\/","name":"T\u00e1vol\u00edtsa el a stri\u00e1kat, a napk\u00e1rosod\u00e1st \u00e9s a pattan\u00e1sos hegeket B\u00e9csben","isPartOf":{"@id":"https:\/\/www.vago.at\/#website"},"datePublished":"2021-10-14T13:35:18+00:00","dateModified":"2021-10-15T12:11:54+00:00","description":"Stri\u00e1k, napsug\u00e1rz\u00e1s, pattan\u00e1sos hegek, mindenf\u00e9le hegek, r\u00e1ncok \u00e9s egy\u00e9b \u00f6regs\u00e9gi jelek most hat\u00e9konyan kezelhet\u0151k a frakcion\u00e1lt CO2 technol\u00f3gia leg\u00fajabb gener\u00e1ci\u00f3j\u00e1val.","breadcrumb":{"@id":"https:\/\/www.vago.at\/hu\/esztetikai-gyogyaszat\/tavolitsa-el-a-hegeket-es-csikokat\/#breadcrumb"},"inLanguage":"hu","potentialAction":[{"@type":"ReadAction","target":["https:\/\/www.vago.at\/hu\/esztetikai-gyogyaszat\/tavolitsa-el-a-hegeket-es-csikokat\/"]}]},{"@type":"BreadcrumbList","@id":"https:\/\/www.vago.at\/hu\/esztetikai-gyogyaszat\/tavolitsa-el-a-hegeket-es-csikokat\/#breadcrumb","itemListElement":[{"@type":"ListItem","position":1,"name":"Startseite","item":"https:\/\/www.vago.at\/hu\/home\/"},{"@type":"ListItem","position":2,"name":"Eszt\u00e9tikai orvosl\u00e1s","item":"https:\/\/www.vago.at\/hu\/esztetikai-gyogyaszat\/"},{"@type":"ListItem","position":3,"name":"T\u00e1vol\u00edtsa el a hegeket \u00e9s cs\u00edkokat"}]},{"@type":"WebSite","@id":"https:\/\/www.vago.at\/#website","url":"https:\/\/www.vago.at\/","name":"Haut\u00e4rztin Dr. Vago | Expertin f\u00fcr Lip\u00f6deme in Wien","description":"Ihre Expertin f\u00fcr Lip\u00f6dem, Venen &amp; Haut \u2013 modern, menschlich, medizinisch fundiert.","potentialAction":[{"@type":"SearchAction","target":{"@type":"EntryPoint","urlTemplate":"https:\/\/www.vago.at\/?s={search_term_string}"},"query-input":"required name=search_term_string"}],"inLanguage":"hu"}]}},"_links":{"self":[{"href":"https:\/\/www.vago.at\/hu\/wp-json\/wp\/v2\/pages\/1881"}],"collection":[{"href":"https:\/\/www.vago.at\/hu\/wp-json\/wp\/v2\/pages"}],"about":[{"href":"https:\/\/www.vago.at\/hu\/wp-json\/wp\/v2\/types\/page"}],"author":[{"embeddable":true,"href":"https:\/\/www.vago.at\/hu\/wp-json\/wp\/v2\/users\/2"}],"replies":[{"embeddable":true,"href":"https:\/\/www.vago.at\/hu\/wp-json\/wp\/v2\/comments?post=1881"}],"version-history":[{"count":3,"href":"https:\/\/www.vago.at\/hu\/wp-json\/wp\/v2\/pages\/1881\/revisions"}],"predecessor-version":[{"id":1920,"href":"https:\/\/www.vago.at\/hu\/wp-json\/wp\/v2\/pages\/1881\/revisions\/1920"}],"up":[{"embeddable":true,"href":"https:\/\/www.vago.at\/hu\/wp-json\/wp\/v2\/pages\/1891"}],"wp:attachment":[{"href":"https:\/\/www.vago.at\/hu\/wp-json\/wp\/v2\/media?parent=1881"}],"curies":[{"name":"wp","href":"https:\/\/api.w.org\/{rel}","templated":true}]}}