{"id":1885,"date":"2021-10-15T11:14:31","date_gmt":"2021-10-15T09:14:31","guid":{"rendered":"https:\/\/www.vago.at\/vena-megbetegedesek\/"},"modified":"2022-10-13T14:05:29","modified_gmt":"2022-10-13T12:05:29","slug":"vena-megbetegedesek","status":"publish","type":"page","link":"https:\/\/www.vago.at\/hu\/vena-megbetegedesek\/","title":{"rendered":"V\u00e9na megbeteged\u00e9sek"},"content":{"rendered":"<h3>Az \u00fajabb tanulm\u00e1nyok szerint minden harmadik ember v\u00e9naprobl\u00e9m\u00e1t\u00f3l szenved. N\u0151k \u00e9s f\u00e9rfiak egyar\u00e1nt \u00e9rintettek \u00e9s ennek sok oka van: \u00f6r\u00f6kl\u0151d\u00e9s, t\u00fals\u00faly, id\u0151s\u00f6d\u00e9s, mozg\u00e1shi\u00e1ny, \u00e1ll\u00f3 foglalkoz\u00e1s, terhess\u00e9g<\/h3>\n<h6>A v\u00e9naf\u00e1jdalmak szimpt\u00f3m\u00e1i \u00e9s k\u00f6vetkezm\u00e9nyei:<\/h6>\n<ul>\n<li>Sepr\u0171v\u00e9n\u00e1k n\u00f6veked\u00e9se<\/li>\n<li>Visszerek<\/li>\n<li>H\u00faz\u00f3d\u00f3 \u00e9s sz\u00far\u00f3 f\u00e1jdalmak<\/li>\n<li>Duzzad\u00e1sok els\u0151sorban a bokat\u00e1j\u00e9k\u00e1n<\/li>\n<li>F\u00e1radt \u00e9s neh\u00e9z l\u00e1bak<\/li>\n<li>\u00c9jszakai v\u00e1dli (l\u00e1bikra) g\u00f6rcs\u00f6k<\/li>\n<li>Az als\u00f3 l\u00e1bsz\u00e1r viszket\u00e9se \u00e9s s\u00f6t\u00e9t elsz\u00ednez\u0151d\u00e9se, ny\u00edlt l\u00e1bsz\u00e1r (l\u00e1bsz\u00e1rfek\u00e9ly)<\/li>\n<li>Tromb\u00f3zis \u00e9s v\u00e9nagyullad\u00e1s rizik\u00f3j\u00e1nak er\u0151s megn\u00f6veked\u00e9se<\/li>\n<\/ul>\n<figure>\n\t\t\t\t\t\t\t\t\t\t<img decoding=\"async\" width=\"800\" height=\"1000\" src=\"https:\/\/www.vago.at\/wp-content\/uploads\/2021\/01\/venenleiden-krampfadern-behandeln-1.jpg\" alt=\"\" loading=\"lazy\" srcset=\"https:\/\/www.vago.at\/wp-content\/uploads\/2021\/01\/venenleiden-krampfadern-behandeln-1.jpg 800w, https:\/\/www.vago.at\/wp-content\/uploads\/2021\/01\/venenleiden-krampfadern-behandeln-1-240x300.jpg 240w, https:\/\/www.vago.at\/wp-content\/uploads\/2021\/01\/venenleiden-krampfadern-behandeln-1-768x960.jpg 768w, https:\/\/www.vago.at\/wp-content\/uploads\/2021\/01\/venenleiden-krampfadern-behandeln-1-700x875.jpg 700w\" sizes=\"(max-width: 800px) 100vw, 800px\" \/><figcaption>Foto: staras \/ shutterstock<\/figcaption><\/figure>\n<h6>A kezel\u00e9si lehet\u0151s\u00e9gek<\/h6>\n<h3>ClosureFast\u00ae \/ R\u00e1di\u00f3frekvenci\u00e1s ter\u00e1pia<\/h3>\n<p>A ClosureFAST\u00ae elj\u00e1r\u00e1s egy alternat\u00edv elj\u00e1r\u00e1s a v\u00e9n\u00e1k elt\u00e1vol\u00edt\u00e1s\u00e1ra (v\u00e9nah\u00faz\u00e1s), amelynek a k\u00f6vetkez\u0151 el\u0151nyei vannak:<\/p>\n<ul>\n<li>ambul\u00e1nsan alkalmazhat\u00f3<\/li>\n<li>nincs altat\u00e1s<\/li>\n<li>l\u00e1gy\u00e9kv\u00e1g\u00e1s nem sz\u00fcks\u00e9ges<\/li>\n<li>a beavatkoz\u00e1s ut\u00e1n a kozmetikai eredm\u00e9nyek \u00e1ltal\u00e1ban kiv\u00e1l\u00f3ak<\/li>\n<li>az oper\u00e1ci\u00f3 id\u0151tartama r\u00f6vid, nem megterhel\u0151 a p\u00e1ciens sz\u00e1m\u00e1ra<\/li>\n<li>nincs kellemetlen band\u00e1zs<\/li>\n<li>nincs, vagy csak kicsi f\u00e1jdalom<\/li>\n<li>a szokott h\u00e9tk\u00f6znapi tev\u00e9kenys\u00e9g m\u00e9g aznap folytathat\u00f3<\/li>\n<li>az oper\u00e1ci\u00f3 ut\u00e1ni napon m\u00e1r munkak\u00e9pes<\/li>\n<li>a l\u00e1bban enyh\u00fcl a f\u00e1jdalom \u00e9s a duzzad\u00e1s<\/li>\n<li>minden koroszt\u00e1ly r\u00e9sz\u00e9re alkalmas<\/li>\n<\/ul>\n<h6>Vizsg\u00e1lat<\/h6>\n<p>Kort\u00f6rt\u00e9net megismer\u00e9se, r\u00f6gz\u00edt\u00e9se, els\u0151 (szem\u00e9lyes) konzult\u00e1ci\u00f3, diagnosztika ultrahanggal<\/p>\n<h6>Kezel\u00e9sek<\/h6>\n<p>t\u00f6rzsv\u00e9n\u00e1k egyszeri kezel\u00e9se<\/p>\n<h6>Oper\u00e1ci\u00f3 id\u0151tartama<\/h6>\n<p>60-90 perc<\/p>\n<h6>\u00c9rz\u00e9stelen\u00edt\u00e9s<\/h6>\n<p>helyi \u00e9rz\u00e9stelen\u00edt\u00e9s, ambul\u00e1nsan kivitelezhet\u0151, k\u00edv\u00e1ns\u00e1gra szender\u00edt\u0151 alv\u00e1ssal<\/p>\n<h6>Amire a beavatkoz\u00e1s el\u0151tt \u00fcgyelnie kell<\/h6>\n<p>K\u00f6nnyebb \u00e9telt fogyasszon, fesz\u00fclts\u00e9gmentesen \u00e9rkezzen. Ne menjen szol\u00e1riumba \u00e9s \u00fcgyeljen arra, hogy b\u0151re ne legyen lebarn\u00edtva<\/p>\n<h6>Amire a beavatkoz\u00e1s ut\u00e1n \u00fcgyelnie kell<\/h6>\n<p>24 \u00f3r\u00e1n \u00e1t ne vezessen aut\u00f3t. J\u00f3, ha m\u00e1r a beavatkoz\u00e1s el\u0151tt megszervezi, hogy valaki \u00d6n \u00e9rt j\u00f6n, elviszi. Egy h\u00e9tig viseljen kompresszi\u00f3s harisny\u00e1t. A k\u00f6vetkez\u0151 h\u00e1rom h\u00e9ten ne menjen szol\u00e1riumba, vagy napra.<\/p>\n<h6>Ut\u00f3kezel\u00e9s \u00e9s ellen\u0151rz\u00e9s<\/h6>\n<p>az els\u0151 nap oper\u00e1ci\u00f3 ut\u00e1n, azt k\u00f6vet\u0151en 3 h\u00e9t m\u00falva, esetleges panasz eset\u00e9n term\u00e9szetesen b\u00e1rmikor.<\/p>\n<h6>Eredm\u00e9ny<\/h6>\n<p>Legt\u00f6bbsz\u00f6r kiv\u00e1l\u00f3, hegn\u00e9lk\u00fcli kozmetikai eredm\u00e9ny<\/p>\n<h3>V\u00e9namegsz\u00fcntet\u00e9s habelt\u00f6m\u00e9ssel \/ Mini-phlebekt\u00f3mia<\/h3>\n<h6>V\u00e9namegsz\u00fcntet\u00e9s habelt\u00f6m\u00e9ssel<\/h6>\n<p>V\u00e9kony, finom t\u0171vel a habot k\u00f6zvetlen\u00fcl a v\u00e9n\u00e1ba injekci\u00f3zzuk, a v\u00e9nafalak \u00f6sszeragadnak, le\u00e9p\u00fclnek.<\/p>\n<h6>Mini-phlebekt\u00f3mia<\/h6>\n<p>A b\u0151r fels\u0151fel\u00fclet\u00e9n, vagy annak k\u00f6zel\u00e9ben l\u00e9v\u0151 v\u00e9n\u00e1kat nagyon kicsi v\u00e1g\u00e1sokkal, egy speci\u00e1lis kamp\u00f3csk\u00e1val t\u00e1vol\u00edtjuk el<\/p>\n<p>Hogy az \u00d6n eset\u00e9ben melyik fajta ter\u00e1pia alkalmas, azt a v\u00e9n\u00e1i alapos ultrahang vizsg\u00e1lata \u00e9s egy r\u00e9szletes besz\u00e9lget\u00e9s alapj\u00e1n d\u00f6ntj\u00fck el. Esetleges k\u00e9rd\u00e9se eset\u00e9n telefonon kereszt\u00fcl is sz\u00edvesen \u00e1llunk rendelkez\u00e9s\u00e9re.<\/p>\n<h6>Vizsg\u00e1lat<\/h6>\n<p>Kort\u00f6rt\u00e9net megismer\u00e9se, r\u00f6gz\u00edt\u00e9se, els\u0151 (szem\u00e9lyes) konzult\u00e1ci\u00f3, diagnosztika ultrahanggal<\/p>\n<h6>Kezel\u00e9sek<\/h6>\n<p>felsz\u00edni visszerek kezel\u00e9se. V\u00e9kony, finom t\u0171vel a habot k\u00f6zvetlen\u00fcl a v\u00e9n\u00e1ba injekci\u00f3zzuk, a v\u00e9nafalak \u00f6sszeragadnak, le\u00e9p\u00fclnek.<\/p>\n<h6>Oper\u00e1ci\u00f3 id\u0151tartama<\/h6>\n<p>60-90 perc<\/p>\n<h6>A kezel\u00e9s gyakoris\u00e1ga<\/h6>\n<p>1-3 alkalommal<\/p>\n<h6>\u00c9rz\u00e9stelen\u00edt\u00e9s<\/h6>\n<p>helyi \u00e9rz\u00e9stelen\u00edt\u00e9s, ambul\u00e1nsan kivitelezhet\u0151<\/p>\n<h6>Amire a beavatkoz\u00e1s el\u0151tt \u00fcgyelnie kell<\/h6>\n<p>K\u00f6nnyebb \u00e9telt fogyasszon, fesz\u00fclts\u00e9gmentesen \u00e9rkezzen. Ne menjen szol\u00e1riumba \u00e9s \u00fcgyeljen arra, hogy b\u0151re ne legyen lebarn\u00edtva<\/p>\n<h6>Amire a beavatkoz\u00e1s ut\u00e1n \u00fcgyelnie kell<\/h6>\n<p>24 \u00f3r\u00e1n \u00e1t ne vezessen aut\u00f3t. J\u00f3, ha m\u00e1r a beavatkoz\u00e1s el\u0151tt megszervezi, hogy valaki \u00f6n\u00e9rt j\u00f6n, elviszi. Egy h\u00e9tig viseljen kompresszi\u00f3s harisny\u00e1t. A k\u00f6vetkez\u0151 h\u00e1rom h\u00e9ten ne menjen szol\u00e1riumba, vagy napra.<\/p>\n<h6>Ut\u00f3kezel\u00e9s \u00e9s ellen\u0151rz\u00e9s<\/h6>\n<p>az els\u0151 nap oper\u00e1ci\u00f3 ut\u00e1n, azt k\u00f6vet\u0151en 3 h\u00e9t m\u00falva, esetleges panasz eset\u00e9n term\u00e9szetesen b\u00e1rmikor.<\/p>\n<h6>Eredm\u00e9ny<\/h6>\n<p>Legt\u00f6bbsz\u00f6r kiv\u00e1l\u00f3, hegn\u00e9lk\u00fcli kozmetikai eredm\u00e9ny<\/p>\n<h3>Nd:YAG -l\u00e9zer  <\/h3>\n<p>A Gentle-Yag System egy nagyteljes\u00edtm\u00e9ny\u0171 Nd:YAG l\u00e9zer. A b\u0151rfel\u00fclet\u00e9n kereszt\u00fcl nagy intenzit\u00e1s\u00fa f\u00e9nysugarat bocs\u00e1tunk az elt\u00e1vol\u00edtand\u00f3 v\u00e9n\u00e1kra.<\/p>\n<p>\u00cdgy lehets\u00e9ges kiv\u00e1l\u00f3 kozmetikai eredm\u00e9ny el\u00e9r\u00e9se. A kezel\u00e9s \u00e1ltal az \u00e9rfalak \u00f6sszeragadnak, \u00e9s a k\u00e9kes-pirosas ereket a test saj\u00e1t maga, term\u00e9szetes folyamatk\u00e9nt le\u00e9p\u00edti.<\/p>\n<p>Mivel a kezel\u00e9s ambul\u00e1nsan t\u00f6rt\u00e9nik, nincs kies\u0151 munkaid\u0151, \u00e9s a szokott h\u00e9tk\u00f6znapi tev\u00e9kenys\u00e9g\u00e9t azonnal akad\u00e1lytalanul folytathatja. A kezel\u00e9s ut\u00e1n nem sz\u00fcks\u00e9ges a kellemetlen kompresszi\u00f3s harisnya hord\u00e1sa.<\/p>\n<h6>Vizsg\u00e1lat<\/h6>\n<p>Kort\u00f6rt\u00e9net megismer\u00e9se, r\u00f6gz\u00edt\u00e9se, els\u0151 (szem\u00e9lyes) konzult\u00e1ci\u00f3, v\u00e9n\u00e1k ultrahang vizsg\u00e1lata<\/p>\n<h6>Kezel\u00e9sek gyakoris\u00e1ga<\/h6>\n<p>a neodym-dotierten Yttrium-Aluminium-Granat (Nd:YAG) l\u00e9zerrel 5-6 hetente<\/p>\n<h6>\u00c9rz\u00e9stelen\u00edt\u00e9s<\/h6>\n<p>nem sz\u00fcks\u00e9ges<\/p>\n<h6>Amire a beavatkoz\u00e1s el\u0151tt \u00fcgyelnie kell<\/h6>\n<p>Ne menjen szol\u00e1riumba \u00e9s \u00fcgyeljen arra, hogy b\u0151re ne legyen lebarn\u00edtva<\/p>\n<h6>Amire a beavatkoz\u00e1s ut\u00e1n \u00fcgyelnie kell<\/h6>\n<p>Ne menjen szol\u00e1riumba, ne tegye ki mag\u00e1t k\u00f6zvetlen naps\u00fct\u00e9snek \u00e9s ne viseljen kompresszi\u00f3s harisny\u00e1t<\/p>\n<h6>Eredm\u00e9ny<\/h6>\n<p>Sepr\u0171v\u00e9n\u00e1k egy\u00e9rtelm\u0171 cs\u00f6kken\u00e9se<\/p>\n<p>\t\t\t<a href=\"https:\/\/www.vago.at\/hu\/lipoedem-sajnos-bar-minden-tizedik-not-erint-alig-beszel-rola-valaki\/\" target=\"_self\" rel=\"noopener\"><\/a><img decoding=\"async\" itemprop=\"image\" src=\"https:\/\/www.vago.at\/wp-content\/uploads\/2020\/08\/widget-lipoedem.jpg\" alt=\"\" \/><\/p>\n<h5 style=\"font-size:25px;\">Lip\u00f6d\u00e9ma van?<\/h5>\n<p><a href=\"https:\/\/www.vago.at\/hu\/lipoedem-sajnos-bar-minden-tizedik-not-erint-alig-beszel-rola-valaki\/\">Tudj meg t\u00f6bbet<\/a><br \/>\n\t\t\t<a href=\"https:\/\/www.vago.at\/hu\/borgyogyaszat\/praevention-von-hautkrebs\/\" target=\"_self\" rel=\"noopener\"><\/a><img decoding=\"async\" itemprop=\"image\" src=\"https:\/\/www.vago.at\/wp-content\/uploads\/2021\/01\/widget-face-1.jpg\" alt=\"\" \/><\/p>\n<h5 style=\"font-size:25px;\">\u00cdgy v\u00e9dekezhet<br \/> a b\u0151rr\u00e1k ellen.<\/h5>\n<p><a href=\"https:\/\/www.vago.at\/hu\/borgyogyaszat\/praevention-von-hautkrebs\/\">Tudj meg t\u00f6bbet<\/a><br \/>\n\t\t\t<a href=\"https:\/\/www.vago.at\/hu\/vena-megbetegedesek\/\" target=\"_self\" rel=\"noopener\"><\/a><img decoding=\"async\" itemprop=\"image\" src=\"https:\/\/www.vago.at\/wp-content\/uploads\/2021\/01\/widget-krampfadern.jpg\" alt=\"\" \/><\/p>\n<h5 style=\"font-size:25px;\">A v\u00e9n\u00e1s betegs\u00e9gek<br \/> id\u0151ben t\u00f6rt\u00e9n\u0151 felismer\u00e9se<br \/> \u00e9s kezel\u00e9se.<\/h5>\n<p><a href=\"https:\/\/www.vago.at\/hu\/vena-megbetegedesek\/\">Tudj meg t\u00f6bbet<\/a><\/p>\n","protected":false},"excerpt":{"rendered":"<p>Az \u00fajabb tanulm\u00e1nyok szerint minden harmadik ember v\u00e9naprobl\u00e9m\u00e1t\u00f3l szenved. N\u0151k \u00e9s f\u00e9rfiak egyar\u00e1nt \u00e9rintettek \u00e9s ennek sok oka van: \u00f6r\u00f6kl\u0151d\u00e9s, t\u00fals\u00faly, id\u0151s\u00f6d\u00e9s, mozg\u00e1shi\u00e1ny, \u00e1ll\u00f3 foglalkoz\u00e1s, terhess\u00e9g A v\u00e9naf\u00e1jdalmak szimpt\u00f3m\u00e1i \u00e9s k\u00f6vetkezm\u00e9nyei: Sepr\u0171v\u00e9n\u00e1k n\u00f6veked\u00e9se Visszerek H\u00faz\u00f3d\u00f3 \u00e9s sz\u00far\u00f3 f\u00e1jdalmak Duzzad\u00e1sok els\u0151sorban a bokat\u00e1j\u00e9k\u00e1n F\u00e1radt \u00e9s neh\u00e9z&#8230;<\/p>\n","protected":false},"author":2,"featured_media":0,"parent":0,"menu_order":0,"comment_status":"closed","ping_status":"closed","template":"full_width.php","meta":{"footnotes":""},"yoast_head":"<!-- This site is optimized with the Yoast SEO plugin v20.5 - https:\/\/yoast.com\/wordpress\/plugins\/seo\/ -->\n<title>V\u00e9n\u00e1s betegs\u00e9gek, visszerek \u00e9s p\u00f3kv\u00e9n\u00e1k kezel\u00e9se \/ b\u0151rgy\u00f3gy\u00e1sz Dr. Vago B\u00e9csben<\/title>\n<meta name=\"description\" content=\"A legfrissebb tanulm\u00e1nyok szerint minden harmadik osztr\u00e1k szenved v\u00e9naprobl\u00e9m\u00e1kt\u00f3l. Mind a n\u0151k, mind a f\u00e9rfiak \u00e9rintettek, \u00e9s ennek sz\u00e1mos oka van: \u00f6r\u00f6kl\u0151d\u00e9s, elh\u00edz\u00e1s, \u00e9letkor, mozg\u00e1shi\u00e1ny, \u00e1ll\u00f3 tev\u00e9kenys\u00e9g, terhess\u00e9g.\" \/>\n<meta name=\"robots\" content=\"index, follow, max-snippet:-1, max-image-preview:large, max-video-preview:-1\" \/>\n<link rel=\"canonical\" href=\"https:\/\/www.vago.at\/hu\/vena-megbetegedesek\/\" \/>\n<meta property=\"og:locale\" content=\"hu_HU\" \/>\n<meta property=\"og:type\" content=\"article\" \/>\n<meta property=\"og:title\" content=\"V\u00e9n\u00e1s betegs\u00e9gek, visszerek \u00e9s p\u00f3kv\u00e9n\u00e1k kezel\u00e9se \/ b\u0151rgy\u00f3gy\u00e1sz Dr. Vago B\u00e9csben\" \/>\n<meta property=\"og:description\" content=\"A legfrissebb tanulm\u00e1nyok szerint minden harmadik osztr\u00e1k szenved v\u00e9naprobl\u00e9m\u00e1kt\u00f3l. Mind a n\u0151k, mind a f\u00e9rfiak \u00e9rintettek, \u00e9s ennek sz\u00e1mos oka van: \u00f6r\u00f6kl\u0151d\u00e9s, elh\u00edz\u00e1s, \u00e9letkor, mozg\u00e1shi\u00e1ny, \u00e1ll\u00f3 tev\u00e9kenys\u00e9g, terhess\u00e9g.\" \/>\n<meta property=\"og:url\" content=\"https:\/\/www.vago.at\/hu\/vena-megbetegedesek\/\" \/>\n<meta property=\"og:site_name\" content=\"Haut\u00e4rztin Dr. Vago | Expertin f\u00fcr Lip\u00f6deme in Wien\" \/>\n<meta property=\"article:modified_time\" content=\"2022-10-13T12:05:29+00:00\" \/>\n<meta property=\"og:image\" content=\"https:\/\/www.vago.at\/wp-content\/uploads\/2021\/01\/venenleiden-krampfadern-behandeln-1.jpg\" \/>\n<meta name=\"twitter:card\" content=\"summary_large_image\" \/>\n<meta name=\"twitter:label1\" content=\"Becs\u00fclt olvas\u00e1si id\u0151\" \/>\n\t<meta name=\"twitter:data1\" content=\"5 perc\" \/>\n<script type=\"application\/ld+json\" class=\"yoast-schema-graph\">{\"@context\":\"https:\/\/schema.org\",\"@graph\":[{\"@type\":\"WebPage\",\"@id\":\"https:\/\/www.vago.at\/hu\/vena-megbetegedesek\/\",\"url\":\"https:\/\/www.vago.at\/hu\/vena-megbetegedesek\/\",\"name\":\"V\u00e9n\u00e1s betegs\u00e9gek, visszerek \u00e9s p\u00f3kv\u00e9n\u00e1k kezel\u00e9se \/ b\u0151rgy\u00f3gy\u00e1sz Dr. Vago B\u00e9csben\",\"isPartOf\":{\"@id\":\"https:\/\/www.vago.at\/#website\"},\"datePublished\":\"2021-10-15T09:14:31+00:00\",\"dateModified\":\"2022-10-13T12:05:29+00:00\",\"description\":\"A legfrissebb tanulm\u00e1nyok szerint minden harmadik osztr\u00e1k szenved v\u00e9naprobl\u00e9m\u00e1kt\u00f3l. Mind a n\u0151k, mind a f\u00e9rfiak \u00e9rintettek, \u00e9s ennek sz\u00e1mos oka van: \u00f6r\u00f6kl\u0151d\u00e9s, elh\u00edz\u00e1s, \u00e9letkor, mozg\u00e1shi\u00e1ny, \u00e1ll\u00f3 tev\u00e9kenys\u00e9g, terhess\u00e9g.\",\"breadcrumb\":{\"@id\":\"https:\/\/www.vago.at\/hu\/vena-megbetegedesek\/#breadcrumb\"},\"inLanguage\":\"hu\",\"potentialAction\":[{\"@type\":\"ReadAction\",\"target\":[\"https:\/\/www.vago.at\/hu\/vena-megbetegedesek\/\"]}]},{\"@type\":\"BreadcrumbList\",\"@id\":\"https:\/\/www.vago.at\/hu\/vena-megbetegedesek\/#breadcrumb\",\"itemListElement\":[{\"@type\":\"ListItem\",\"position\":1,\"name\":\"Startseite\",\"item\":\"https:\/\/www.vago.at\/hu\/home\/\"},{\"@type\":\"ListItem\",\"position\":2,\"name\":\"V\u00e9na megbeteged\u00e9sek\"}]},{\"@type\":\"WebSite\",\"@id\":\"https:\/\/www.vago.at\/#website\",\"url\":\"https:\/\/www.vago.at\/\",\"name\":\"Haut\u00e4rztin Dr. Vago | Expertin f\u00fcr Lip\u00f6deme in Wien\",\"description\":\"Ihre Expertin f\u00fcr Lip\u00f6dem, Venen &amp; Haut \u2013 modern, menschlich, medizinisch fundiert.\",\"potentialAction\":[{\"@type\":\"SearchAction\",\"target\":{\"@type\":\"EntryPoint\",\"urlTemplate\":\"https:\/\/www.vago.at\/?s={search_term_string}\"},\"query-input\":\"required name=search_term_string\"}],\"inLanguage\":\"hu\"}]}<\/script>\n<!-- \/ Yoast SEO plugin. -->","yoast_head_json":{"title":"V\u00e9n\u00e1s betegs\u00e9gek, visszerek \u00e9s p\u00f3kv\u00e9n\u00e1k kezel\u00e9se \/ b\u0151rgy\u00f3gy\u00e1sz Dr. Vago B\u00e9csben","description":"A legfrissebb tanulm\u00e1nyok szerint minden harmadik osztr\u00e1k szenved v\u00e9naprobl\u00e9m\u00e1kt\u00f3l. Mind a n\u0151k, mind a f\u00e9rfiak \u00e9rintettek, \u00e9s ennek sz\u00e1mos oka van: \u00f6r\u00f6kl\u0151d\u00e9s, elh\u00edz\u00e1s, \u00e9letkor, mozg\u00e1shi\u00e1ny, \u00e1ll\u00f3 tev\u00e9kenys\u00e9g, terhess\u00e9g.","robots":{"index":"index","follow":"follow","max-snippet":"max-snippet:-1","max-image-preview":"max-image-preview:large","max-video-preview":"max-video-preview:-1"},"canonical":"https:\/\/www.vago.at\/hu\/vena-megbetegedesek\/","og_locale":"hu_HU","og_type":"article","og_title":"V\u00e9n\u00e1s betegs\u00e9gek, visszerek \u00e9s p\u00f3kv\u00e9n\u00e1k kezel\u00e9se \/ b\u0151rgy\u00f3gy\u00e1sz Dr. Vago B\u00e9csben","og_description":"A legfrissebb tanulm\u00e1nyok szerint minden harmadik osztr\u00e1k szenved v\u00e9naprobl\u00e9m\u00e1kt\u00f3l. Mind a n\u0151k, mind a f\u00e9rfiak \u00e9rintettek, \u00e9s ennek sz\u00e1mos oka van: \u00f6r\u00f6kl\u0151d\u00e9s, elh\u00edz\u00e1s, \u00e9letkor, mozg\u00e1shi\u00e1ny, \u00e1ll\u00f3 tev\u00e9kenys\u00e9g, terhess\u00e9g.","og_url":"https:\/\/www.vago.at\/hu\/vena-megbetegedesek\/","og_site_name":"Haut\u00e4rztin Dr. Vago | Expertin f\u00fcr Lip\u00f6deme in Wien","article_modified_time":"2022-10-13T12:05:29+00:00","og_image":[{"url":"https:\/\/www.vago.at\/wp-content\/uploads\/2021\/01\/venenleiden-krampfadern-behandeln-1.jpg"}],"twitter_card":"summary_large_image","twitter_misc":{"Becs\u00fclt olvas\u00e1si id\u0151":"5 perc"},"schema":{"@context":"https:\/\/schema.org","@graph":[{"@type":"WebPage","@id":"https:\/\/www.vago.at\/hu\/vena-megbetegedesek\/","url":"https:\/\/www.vago.at\/hu\/vena-megbetegedesek\/","name":"V\u00e9n\u00e1s betegs\u00e9gek, visszerek \u00e9s p\u00f3kv\u00e9n\u00e1k kezel\u00e9se \/ b\u0151rgy\u00f3gy\u00e1sz Dr. Vago B\u00e9csben","isPartOf":{"@id":"https:\/\/www.vago.at\/#website"},"datePublished":"2021-10-15T09:14:31+00:00","dateModified":"2022-10-13T12:05:29+00:00","description":"A legfrissebb tanulm\u00e1nyok szerint minden harmadik osztr\u00e1k szenved v\u00e9naprobl\u00e9m\u00e1kt\u00f3l. Mind a n\u0151k, mind a f\u00e9rfiak \u00e9rintettek, \u00e9s ennek sz\u00e1mos oka van: \u00f6r\u00f6kl\u0151d\u00e9s, elh\u00edz\u00e1s, \u00e9letkor, mozg\u00e1shi\u00e1ny, \u00e1ll\u00f3 tev\u00e9kenys\u00e9g, terhess\u00e9g.","breadcrumb":{"@id":"https:\/\/www.vago.at\/hu\/vena-megbetegedesek\/#breadcrumb"},"inLanguage":"hu","potentialAction":[{"@type":"ReadAction","target":["https:\/\/www.vago.at\/hu\/vena-megbetegedesek\/"]}]},{"@type":"BreadcrumbList","@id":"https:\/\/www.vago.at\/hu\/vena-megbetegedesek\/#breadcrumb","itemListElement":[{"@type":"ListItem","position":1,"name":"Startseite","item":"https:\/\/www.vago.at\/hu\/home\/"},{"@type":"ListItem","position":2,"name":"V\u00e9na megbeteged\u00e9sek"}]},{"@type":"WebSite","@id":"https:\/\/www.vago.at\/#website","url":"https:\/\/www.vago.at\/","name":"Haut\u00e4rztin Dr. Vago | Expertin f\u00fcr Lip\u00f6deme in Wien","description":"Ihre Expertin f\u00fcr Lip\u00f6dem, Venen &amp; Haut \u2013 modern, menschlich, medizinisch fundiert.","potentialAction":[{"@type":"SearchAction","target":{"@type":"EntryPoint","urlTemplate":"https:\/\/www.vago.at\/?s={search_term_string}"},"query-input":"required name=search_term_string"}],"inLanguage":"hu"}]}},"_links":{"self":[{"href":"https:\/\/www.vago.at\/hu\/wp-json\/wp\/v2\/pages\/1885"}],"collection":[{"href":"https:\/\/www.vago.at\/hu\/wp-json\/wp\/v2\/pages"}],"about":[{"href":"https:\/\/www.vago.at\/hu\/wp-json\/wp\/v2\/types\/page"}],"author":[{"embeddable":true,"href":"https:\/\/www.vago.at\/hu\/wp-json\/wp\/v2\/users\/2"}],"replies":[{"embeddable":true,"href":"https:\/\/www.vago.at\/hu\/wp-json\/wp\/v2\/comments?post=1885"}],"version-history":[{"count":5,"href":"https:\/\/www.vago.at\/hu\/wp-json\/wp\/v2\/pages\/1885\/revisions"}],"predecessor-version":[{"id":2012,"href":"https:\/\/www.vago.at\/hu\/wp-json\/wp\/v2\/pages\/1885\/revisions\/2012"}],"wp:attachment":[{"href":"https:\/\/www.vago.at\/hu\/wp-json\/wp\/v2\/media?parent=1885"}],"curies":[{"name":"wp","href":"https:\/\/api.w.org\/{rel}","templated":true}]}}