{"id":1887,"date":"2021-10-15T12:02:12","date_gmt":"2021-10-15T10:02:12","guid":{"rendered":"https:\/\/www.vago.at\/zsirleszivas\/"},"modified":"2022-10-13T13:54:12","modified_gmt":"2022-10-13T11:54:12","slug":"zsirleszivas","status":"publish","type":"page","link":"https:\/\/www.vago.at\/hu\/esztetikai-gyogyaszat\/zsirleszivas\/","title":{"rendered":"Zs\u00edrlesz\u00edv\u00e1s"},"content":{"rendered":"\t\t<div data-elementor-type=\"wp-page\" data-elementor-id=\"1887\" class=\"elementor elementor-1887 elementor-756\">\n\t\t\t\t\t\t<div class=\"elementor-inner\">\n\t\t\t\t<div class=\"elementor-section-wrap\">\n\t\t\t\t\t\t\t\t\t<section class=\"elementor-section elementor-top-section elementor-element elementor-element-67f4a77 elementor-section-boxed elementor-section-height-default elementor-section-height-default parallax_section_no qode_elementor_container_no\" data-id=\"67f4a77\" data-element_type=\"section\">\n\t\t\t\t\t\t<div class=\"elementor-container elementor-column-gap-default\">\n\t\t\t\t\t\t\t<div class=\"elementor-row\">\n\t\t\t\t\t<div class=\"elementor-column elementor-col-100 elementor-top-column elementor-element elementor-element-2b6d09a\" data-id=\"2b6d09a\" data-element_type=\"column\">\n\t\t\t<div class=\"elementor-column-wrap elementor-element-populated\">\n\t\t\t\t\t\t\t<div class=\"elementor-widget-wrap\">\n\t\t\t\t\t\t<section class=\"elementor-section elementor-inner-section elementor-element elementor-element-ed01ff4 elementor-section-boxed elementor-section-height-default elementor-section-height-default parallax_section_no qode_elementor_container_no\" data-id=\"ed01ff4\" data-element_type=\"section\">\n\t\t\t\t\t\t<div class=\"elementor-container elementor-column-gap-wider\">\n\t\t\t\t\t\t\t<div class=\"elementor-row\">\n\t\t\t\t\t<div class=\"elementor-column elementor-col-50 elementor-inner-column elementor-element elementor-element-52ac4d2\" data-id=\"52ac4d2\" data-element_type=\"column\">\n\t\t\t<div class=\"elementor-column-wrap elementor-element-populated\">\n\t\t\t\t\t\t\t<div class=\"elementor-widget-wrap\">\n\t\t\t\t\t\t<div class=\"elementor-element elementor-element-d160f86 elementor-widget elementor-widget-text-editor\" data-id=\"d160f86\" data-element_type=\"widget\" data-widget_type=\"text-editor.default\">\n\t\t\t\t<div class=\"elementor-widget-container\">\n\t\t\t\t\t\t\t\t<div class=\"elementor-text-editor elementor-clearfix\">\n\t\t\t\t<h3>A High Class Liposuction-nal cs\u00f6kkentj\u00fck a terhes zs\u00edrp\u00e1rn\u00e1kat, melyek m\u00e9g a sport, az eg\u00e9szs\u00e9ges t\u00e1pl\u00e1lkoz\u00e1s \u00e9s a di\u00e9ta program hat\u00e1s\u00e1ra sem akarnak leolvadni.<\/h3>\n\t\t\t\t\t<\/div>\n\t\t\t\t\t\t<\/div>\n\t\t\t\t<\/div>\n\t\t\t\t<div class=\"elementor-element elementor-element-4f439df elementor-widget elementor-widget-text-editor\" data-id=\"4f439df\" data-element_type=\"widget\" data-widget_type=\"text-editor.default\">\n\t\t\t\t<div class=\"elementor-widget-container\">\n\t\t\t\t\t\t\t\t<div class=\"elementor-text-editor elementor-clearfix\">\n\t\t\t\tA rendel\u0151ben \u00d6nt egy k\u00edm\u00e9l\u0151, l\u00e1gy, biztons\u00e1gos zs\u00edrlesz\u00edv\u00e1sban r\u00e9szes\u00edtj\u00fck. A beavatkoz\u00e1st ambul\u00e1nsan, a bev\u00e1lt \u201eTumeszenz Lokalan\u00e4sthesie\u201d (TLA) \u00e9rz\u00e9stelen\u00edt\u00e9s alatt v\u00e9gezz\u00fck. A TLA a konyhas\u00f3, helyi \u00e9rz\u00e9stelen\u00edt\u0151 szer, bikarbon\u00e1t \u00e9s adrenalin kever\u00e9ke. El\u0151nye, hogy elker\u00fclj\u00fck a nagyobb v\u00e9ral\u00e1fut\u00e1sokat, \u00e9s a beavatkoz\u00e1s teljesen f\u00e1jdalommentes.\r\n\r\nA szervezet megterhel\u00f6 teljes nark\u00f3zis m\u00e1r nem sz\u00fcks\u00e9ges!\r\n\r\nA zs\u00edrsz\u00f6vetet k\u00edm\u00e9letesen \u00e9s f\u00e1jdalommentesen egy v\u00e9kony vibr\u00e1ci\u00f3s kan\u00fcl\u00f6n kereszt\u00fcl t\u00e1vol\u00edtjuk el.\r\n\r\nSz\u00e1mos tanulm\u00e1ny kimutatta, hogy a TLA alkalmaz\u00e1s\u00e1val a zs\u00edrlesz\u00edv\u00e1s a kozmetikai beavatkoz\u00e1sok k\u00f6z\u00fcl az egyik legbiztons\u00e1gosabb\u00e1 v\u00e1lt. \u00c1ltala cs\u00f6kkenthet\u0151k a hason, a cs\u00edp\u0151n, a fen\u00e9ken, a l\u00e1bakon (lovagl\u00f3nadr\u00e1g) \u00e9s az \u00e1llon l\u00e9v\u0151 terhes zs\u00edrp\u00e1rn\u00e1k.\r\n\r\nKies\u0151 id\u0151 alig keletkezik. Norm\u00e1lis esetben n\u00e9h\u00e1ny nap m\u00falva folytathatja megszokott tev\u00e9kenys\u00e9g\u00e9t. Addig izoml\u00e1zszer\u0171 \u00e9rz\u00e9se lesz a kezelt ter\u00fcleten. Ez enyhe f\u00e1jdalomcsillap\u00edt\u00f3val kezelhet\u0151, ha sz\u00fcks\u00e9ges.\r\n\r\nAz alakform\u00e1l\u00f3 nadr\u00e1g (Miederhose) 4-6 h\u00e9tig t\u00f6rt\u00e9n\u0151 visel\u00e9se gondoskodik a sz\u00f6vet sz\u00fcks\u00e9ges t\u00e1maszt\u00e1s\u00e1r\u00f3l, \u00e9s egyenletes nyom\u00e1st fejt ki, ami meggyors\u00edtja a begy\u00f3gyul\u00e1st.\t\t\t\t\t<\/div>\n\t\t\t\t\t\t<\/div>\n\t\t\t\t<\/div>\n\t\t\t\t\t\t<\/div>\n\t\t\t\t\t<\/div>\n\t\t<\/div>\n\t\t\t\t<div class=\"elementor-column elementor-col-50 elementor-inner-column elementor-element elementor-element-28c5612\" data-id=\"28c5612\" data-element_type=\"column\">\n\t\t\t<div class=\"elementor-column-wrap elementor-element-populated\">\n\t\t\t\t\t\t\t<div class=\"elementor-widget-wrap\">\n\t\t\t\t\t\t<div class=\"elementor-element elementor-element-fa537fd elementor-widget elementor-widget-image\" data-id=\"fa537fd\" data-element_type=\"widget\" data-widget_type=\"image.default\">\n\t\t\t\t<div class=\"elementor-widget-container\">\n\t\t\t\t\t\t\t\t<div class=\"elementor-image\">\n\t\t\t\t\t\t\t\t\t<figure class=\"wp-caption\">\n\t\t\t\t\t\t\t\t\t\t<img decoding=\"async\" width=\"800\" height=\"1000\" src=\"https:\/\/www.vago.at\/wp-content\/uploads\/2021\/01\/fettabsaugung-liposuktion.jpg\" class=\"attachment-large size-large wp-image-1789\" alt=\"\" srcset=\"https:\/\/www.vago.at\/wp-content\/uploads\/2021\/01\/fettabsaugung-liposuktion.jpg 800w, https:\/\/www.vago.at\/wp-content\/uploads\/2021\/01\/fettabsaugung-liposuktion-240x300.jpg 240w, https:\/\/www.vago.at\/wp-content\/uploads\/2021\/01\/fettabsaugung-liposuktion-768x960.jpg 768w, https:\/\/www.vago.at\/wp-content\/uploads\/2021\/01\/fettabsaugung-liposuktion-700x875.jpg 700w\" sizes=\"(max-width: 800px) 100vw, 800px\" \/>\t\t\t\t\t\t\t\t\t\t\t<figcaption class=\"widget-image-caption wp-caption-text\">F\u00e9nyk\u00e9p: rfstudio \/ pexels<\/figcaption>\n\t\t\t\t\t\t\t\t\t\t<\/figure>\n\t\t\t\t\t\t\t\t<\/div>\n\t\t\t\t\t\t<\/div>\n\t\t\t\t<\/div>\n\t\t\t\t\t\t<\/div>\n\t\t\t\t\t<\/div>\n\t\t<\/div>\n\t\t\t\t\t\t\t\t<\/div>\n\t\t\t\t\t<\/div>\n\t\t<\/section>\n\t\t\t\t\t\t<\/div>\n\t\t\t\t\t<\/div>\n\t\t<\/div>\n\t\t\t\t\t\t\t\t<\/div>\n\t\t\t\t\t<\/div>\n\t\t<\/section>\n\t\t\t\t<section class=\"elementor-section elementor-top-section elementor-element elementor-element-44548d2 bg-grau elementor-section-boxed elementor-section-height-default elementor-section-height-default parallax_section_no qode_elementor_container_no\" data-id=\"44548d2\" data-element_type=\"section\">\n\t\t\t\t\t\t<div class=\"elementor-container elementor-column-gap-default\">\n\t\t\t\t\t\t\t<div class=\"elementor-row\">\n\t\t\t\t\t<div class=\"elementor-column elementor-col-100 elementor-top-column elementor-element elementor-element-3beb80f\" data-id=\"3beb80f\" data-element_type=\"column\">\n\t\t\t<div class=\"elementor-column-wrap elementor-element-populated\">\n\t\t\t\t\t\t\t<div class=\"elementor-widget-wrap\">\n\t\t\t\t\t\t<section class=\"elementor-section elementor-inner-section elementor-element elementor-element-1e4e09e elementor-section-boxed elementor-section-height-default elementor-section-height-default parallax_section_no qode_elementor_container_no\" data-id=\"1e4e09e\" data-element_type=\"section\">\n\t\t\t\t\t\t<div class=\"elementor-container elementor-column-gap-wide\">\n\t\t\t\t\t\t\t<div class=\"elementor-row\">\n\t\t\t\t\t<div class=\"elementor-column elementor-col-50 elementor-inner-column elementor-element elementor-element-3fb91be\" data-id=\"3fb91be\" data-element_type=\"column\">\n\t\t\t<div class=\"elementor-column-wrap elementor-element-populated\">\n\t\t\t\t\t\t\t<div class=\"elementor-widget-wrap\">\n\t\t\t\t\t\t<div class=\"elementor-element elementor-element-60992be elementor-widget elementor-widget-image\" data-id=\"60992be\" data-element_type=\"widget\" data-widget_type=\"image.default\">\n\t\t\t\t<div class=\"elementor-widget-container\">\n\t\t\t\t\t\t\t\t<div class=\"elementor-image\">\n\t\t\t\t\t\t\t\t\t<figure class=\"wp-caption\">\n\t\t\t\t\t\t\t\t\t\t<img decoding=\"async\" width=\"804\" height=\"579\" src=\"https:\/\/www.vago.at\/wp-content\/uploads\/2021\/01\/jeans-passen-wieder.jpg\" class=\"attachment-large size-large wp-image-1791\" alt=\"\" srcset=\"https:\/\/www.vago.at\/wp-content\/uploads\/2021\/01\/jeans-passen-wieder.jpg 804w, https:\/\/www.vago.at\/wp-content\/uploads\/2021\/01\/jeans-passen-wieder-300x216.jpg 300w, https:\/\/www.vago.at\/wp-content\/uploads\/2021\/01\/jeans-passen-wieder-768x553.jpg 768w, https:\/\/www.vago.at\/wp-content\/uploads\/2021\/01\/jeans-passen-wieder-700x504.jpg 700w\" sizes=\"(max-width: 804px) 100vw, 804px\" \/>\t\t\t\t\t\t\t\t\t\t\t<figcaption class=\"widget-image-caption wp-caption-text\">F\u00e9nyk\u00e9p: Mica Asato \/ pexels<\/figcaption>\n\t\t\t\t\t\t\t\t\t\t<\/figure>\n\t\t\t\t\t\t\t\t<\/div>\n\t\t\t\t\t\t<\/div>\n\t\t\t\t<\/div>\n\t\t\t\t\t\t<\/div>\n\t\t\t\t\t<\/div>\n\t\t<\/div>\n\t\t\t\t<div class=\"elementor-column elementor-col-50 elementor-inner-column elementor-element elementor-element-87f4664\" data-id=\"87f4664\" data-element_type=\"column\">\n\t\t\t<div class=\"elementor-column-wrap elementor-element-populated\">\n\t\t\t\t\t\t\t<div class=\"elementor-widget-wrap\">\n\t\t\t\t\t\t<div class=\"elementor-element elementor-element-3ca3673 elementor-widget elementor-widget-heading\" data-id=\"3ca3673\" data-element_type=\"widget\" data-widget_type=\"heading.default\">\n\t\t\t\t<div class=\"elementor-widget-container\">\n\t\t\t<h3 class=\"elementor-heading-title elementor-size-default\">Amit mi az \u00d6n alakj\u00e1\u00e9rt \u00e9s a zs\u00edrp\u00e1rn\u00e1k ellen tesz\u00fcnk<\/h3>\t\t<\/div>\n\t\t\t\t<\/div>\n\t\t\t\t<div class=\"elementor-element elementor-element-cffb34e elementor-widget elementor-widget-text-editor\" data-id=\"cffb34e\" data-element_type=\"widget\" data-widget_type=\"text-editor.default\">\n\t\t\t\t<div class=\"elementor-widget-container\">\n\t\t\t\t\t\t\t\t<div class=\"elementor-text-editor elementor-clearfix\">\n\t\t\t\t<h6>Vizsg\u00e1lat<\/h6>\n<p>Kort\u00f6rt\u00e9net megismer\u00e9se, r\u00f6gz\u00edt\u00e9se, els\u0151 (szem\u00e9lyes) konzult\u00e1ci\u00f3<\/p>\n<h6>Kezel\u00e9sek<\/h6>\n<p>Zs\u00edrlesz\u00edv\u00e1s egy alkalommal<\/p>\n<h6>Id\u0151tartama<\/h6>\n<p>1-3 \u00f3ra<\/p>\n<h6>\u00c9rz\u00e9stelen\u00edt\u00e9s<\/h6>\n<p>Tumeszenz Lokalanas\u00e4sthesie (TLA), ig\u00e9ny eset\u00e9n szender\u00edt\u0151 alv\u00e1s (f\u00e9l\u00e1lom)<\/p>\n<h6>Amire a beavatkoz\u00e1s el\u0151tt \u00fcgyelnie kell<\/h6>\n<p>El\u0151tte ne barn\u00edtsa a b\u0151r\u00e9t, \u00e9s kipihenten, fesz\u00fclts\u00e9gmentesen \u00e9rkezzen<\/p>\n<h6>Amire a beavatkoz\u00e1s ut\u00e1n \u00fcgyelnie kell<\/h6>\n<p>A beavatkoz\u00e1s ut\u00e1n 24 \u00f3r\u00e1n \u00e1t ne vezessen aut\u00f3t. Viseljen 4-6 h\u00e9tig megfelel\u0151 m\u00e9ret\u0171 alakform\u00e1l\u00f3 nadr\u00e1got (kompressionsmieder)<\/p>\n<h6>Ut\u00f3kezel\u00e9s \u00e9s ellen\u0151rz\u00e9s<\/h6>\n<p>Az els\u0151 nap az oper\u00e1ci\u00f3 ut\u00e1n, azt k\u00f6vet\u0151en 3 h\u00e9t m\u00falva. K\u00e9t-h\u00e1rom nap pihen\u00e9st javasolunk.<\/p>\n<h6>Eredm\u00e9ny<\/h6>\n<p>A zavar\u00f3 zs\u00edrp\u00e1rn\u00e1k l\u00e1that\u00f3an elt\u0171nnek, b\u0151re feszesebb lesz<\/p>\n\t\t\t\t\t<\/div>\n\t\t\t\t\t\t<\/div>\n\t\t\t\t<\/div>\n\t\t\t\t\t\t<\/div>\n\t\t\t\t\t<\/div>\n\t\t<\/div>\n\t\t\t\t\t\t\t\t<\/div>\n\t\t\t\t\t<\/div>\n\t\t<\/section>\n\t\t\t\t\t\t<\/div>\n\t\t\t\t\t<\/div>\n\t\t<\/div>\n\t\t\t\t\t\t\t\t<\/div>\n\t\t\t\t\t<\/div>\n\t\t<\/section>\n\t\t\t\t<section class=\"elementor-section elementor-top-section elementor-element elementor-element-36bd36e elementor-section-full_width elementor-section-height-default elementor-section-height-default parallax_section_no qode_elementor_container_no\" data-id=\"36bd36e\" data-element_type=\"section\">\n\t\t\t\t\t\t<div class=\"elementor-container elementor-column-gap-narrow\">\n\t\t\t\t\t\t\t<div class=\"elementor-row\">\n\t\t\t\t\t<div class=\"elementor-column elementor-col-33 elementor-top-column elementor-element elementor-element-32a98cf animated-fast elementor-invisible\" data-id=\"32a98cf\" data-element_type=\"column\" data-settings=\"{&quot;animation&quot;:&quot;fadeIn&quot;}\">\n\t\t\t<div class=\"elementor-column-wrap elementor-element-populated\">\n\t\t\t\t\t\t\t<div class=\"elementor-widget-wrap\">\n\t\t\t\t\t\t<div class=\"elementor-element elementor-element-9e73ef3 elementor-widget elementor-widget-bridge_banner\" data-id=\"9e73ef3\" data-element_type=\"widget\" data-settings=\"{&quot;_animation&quot;:&quot;none&quot;}\" data-widget_type=\"bridge_banner.default\">\n\t\t\t\t<div class=\"elementor-widget-container\">\n\t\t\t<div class=\"qode-banner qode-banner-va-top\"><a class=\"qode-banner-link\" href=\"https:\/\/www.vago.at\/hu\/lipoedem-sajnos-bar-minden-tizedik-not-erint-alig-beszel-rola-valaki\/\" target=\"_self\"><\/a><div class=\"qode-banner-image\"><img decoding=\"async\" itemprop=\"image\" src=\"https:\/\/www.vago.at\/wp-content\/uploads\/2020\/08\/widget-lipoedem.jpg\" alt=\"\" \/><\/div><div class=\"qode-banner-content\"><div class=\"qode-banner-content-inner\"><div class=\"qode-banner-text-holder\"><div style=\"text-align: left;\"><h5 style=\"font-size:25px;\">Lip\u00f6d\u00e9ma van?<\/h5><a href=\"https:\/\/www.vago.at\/hu\/lipoedem-sajnos-bar-minden-tizedik-not-erint-alig-beszel-rola-valaki\/\" class=\"qode-banner-button\">Tudj meg t\u00f6bbet<\/a><\/div><\/div><\/div><\/div><\/div>\t\t<\/div>\n\t\t\t\t<\/div>\n\t\t\t\t\t\t<\/div>\n\t\t\t\t\t<\/div>\n\t\t<\/div>\n\t\t\t\t<div class=\"elementor-column elementor-col-33 elementor-top-column elementor-element elementor-element-c2b49cd\" data-id=\"c2b49cd\" data-element_type=\"column\">\n\t\t\t<div class=\"elementor-column-wrap elementor-element-populated\">\n\t\t\t\t\t\t\t<div class=\"elementor-widget-wrap\">\n\t\t\t\t\t\t<div class=\"elementor-element elementor-element-16561e9 elementor-widget elementor-widget-bridge_banner\" data-id=\"16561e9\" data-element_type=\"widget\" data-settings=\"{&quot;_animation&quot;:&quot;none&quot;,&quot;_animation_delay&quot;:400}\" data-widget_type=\"bridge_banner.default\">\n\t\t\t\t<div class=\"elementor-widget-container\">\n\t\t\t<div class=\"qode-banner qode-banner-va-top\"><a class=\"qode-banner-link\" href=\"https:\/\/www.vago.at\/hu\/borgyogyaszat\/praevention-von-hautkrebs\/\" target=\"_self\"><\/a><div class=\"qode-banner-image\"><img decoding=\"async\" itemprop=\"image\" src=\"https:\/\/www.vago.at\/wp-content\/uploads\/2021\/01\/widget-face-1.jpg\" alt=\"\" \/><\/div><div class=\"qode-banner-content\"><div class=\"qode-banner-content-inner\"><div class=\"qode-banner-text-holder\"><div style=\"text-align: left;\"><h5 style=\"font-size:25px;\">\u00cdgy v\u00e9dekezhet<br\/> a b\u0151rr\u00e1k ellen.<\/h5><a href=\"https:\/\/www.vago.at\/hu\/borgyogyaszat\/praevention-von-hautkrebs\/\" class=\"qode-banner-button\">Tudj meg t\u00f6bbet<\/a><\/div><\/div><\/div><\/div><\/div>\t\t<\/div>\n\t\t\t\t<\/div>\n\t\t\t\t\t\t<\/div>\n\t\t\t\t\t<\/div>\n\t\t<\/div>\n\t\t\t\t<div class=\"elementor-column elementor-col-33 elementor-top-column elementor-element elementor-element-bc340ed\" data-id=\"bc340ed\" data-element_type=\"column\">\n\t\t\t<div class=\"elementor-column-wrap elementor-element-populated\">\n\t\t\t\t\t\t\t<div class=\"elementor-widget-wrap\">\n\t\t\t\t\t\t<div class=\"elementor-element elementor-element-5f74f7e elementor-widget elementor-widget-bridge_banner\" data-id=\"5f74f7e\" data-element_type=\"widget\" data-settings=\"{&quot;_animation&quot;:&quot;none&quot;,&quot;_animation_delay&quot;:200}\" data-widget_type=\"bridge_banner.default\">\n\t\t\t\t<div class=\"elementor-widget-container\">\n\t\t\t<div class=\"qode-banner qode-banner-va-top\"><a class=\"qode-banner-link\" href=\"https:\/\/www.vago.at\/hu\/vena-megbetegedesek\/\" target=\"_self\"><\/a><div class=\"qode-banner-image\"><img decoding=\"async\" itemprop=\"image\" src=\"https:\/\/www.vago.at\/wp-content\/uploads\/2021\/01\/widget-krampfadern.jpg\" alt=\"\" \/><\/div><div class=\"qode-banner-content\"><div class=\"qode-banner-content-inner\"><div class=\"qode-banner-text-holder\"><div style=\"text-align:left\"><h5 style=\"font-size:25px;\">A v\u00e9n\u00e1s betegs\u00e9gek<br\/> id\u0151ben t\u00f6rt\u00e9n\u0151 felismer\u00e9se<br\/> \u00e9s kezel\u00e9se.<\/h5><a href=\"https:\/\/www.vago.at\/hu\/vena-megbetegedesek\/\" class=\"qode-banner-button\">Tudj meg t\u00f6bbet<\/a><\/div><\/div><\/div><\/div><\/div>\t\t<\/div>\n\t\t\t\t<\/div>\n\t\t\t\t\t\t<\/div>\n\t\t\t\t\t<\/div>\n\t\t<\/div>\n\t\t\t\t\t\t\t\t<\/div>\n\t\t\t\t\t<\/div>\n\t\t<\/section>\n\t\t\t\t\t\t\t\t\t<\/div>\n\t\t\t<\/div>\n\t\t\t\t\t<\/div>\n\t\t","protected":false},"excerpt":{"rendered":"<p>A High Class Liposuction-nal cs\u00f6kkentj\u00fck a terhes zs\u00edrp\u00e1rn\u00e1kat, melyek m\u00e9g a sport, az eg\u00e9szs\u00e9ges t\u00e1pl\u00e1lkoz\u00e1s \u00e9s a di\u00e9ta program hat\u00e1s\u00e1ra sem akarnak leolvadni. A rendel\u0151ben \u00d6nt egy k\u00edm\u00e9l\u0151, l\u00e1gy, biztons\u00e1gos zs\u00edrlesz\u00edv\u00e1sban r\u00e9szes\u00edtj\u00fck. A beavatkoz\u00e1st ambul\u00e1nsan, a bev\u00e1lt \u201eTumeszenz Lokalan\u00e4sthesie\u201d (TLA) \u00e9rz\u00e9stelen\u00edt\u00e9s alatt v\u00e9gezz\u00fck. A TLA&#8230;<\/p>\n","protected":false},"author":2,"featured_media":0,"parent":1891,"menu_order":0,"comment_status":"closed","ping_status":"closed","template":"full_width.php","meta":{"footnotes":""},"yoast_head":"<!-- This site is optimized with the Yoast SEO plugin v20.5 - https:\/\/yoast.com\/wordpress\/plugins\/seo\/ -->\n<title>Zs\u00edrlesz\u00edv\u00e1s, Zs\u00edrlesz\u00edv\u00e1s szakemberrel Dr. Bernadette Vago 1100 -ban B\u00e9csben<\/title>\n<meta name=\"description\" content=\"A magas szint\u0171 zs\u00edrlesz\u00edv\u00e1ssal cs\u00f6kkentj\u00fck azokat a bosszant\u00f3 zs\u00edrlerak\u00f3d\u00e1sokat, amelyek m\u00e9g edz\u00e9s, eg\u00e9szs\u00e9ges t\u00e1pl\u00e1lkoz\u00e1s \u00e9s \u00e9trendi programok mellett sem akarnak elolvadni.\" \/>\n<meta name=\"robots\" content=\"index, follow, max-snippet:-1, max-image-preview:large, max-video-preview:-1\" \/>\n<link rel=\"canonical\" href=\"https:\/\/www.vago.at\/hu\/esztetikai-gyogyaszat\/zsirleszivas\/\" \/>\n<meta property=\"og:locale\" content=\"hu_HU\" \/>\n<meta property=\"og:type\" content=\"article\" \/>\n<meta property=\"og:title\" content=\"Zs\u00edrlesz\u00edv\u00e1s, Zs\u00edrlesz\u00edv\u00e1s szakemberrel Dr. Bernadette Vago 1100 -ban B\u00e9csben\" \/>\n<meta property=\"og:description\" content=\"A magas szint\u0171 zs\u00edrlesz\u00edv\u00e1ssal cs\u00f6kkentj\u00fck azokat a bosszant\u00f3 zs\u00edrlerak\u00f3d\u00e1sokat, amelyek m\u00e9g edz\u00e9s, eg\u00e9szs\u00e9ges t\u00e1pl\u00e1lkoz\u00e1s \u00e9s \u00e9trendi programok mellett sem akarnak elolvadni.\" \/>\n<meta property=\"og:url\" content=\"https:\/\/www.vago.at\/hu\/esztetikai-gyogyaszat\/zsirleszivas\/\" \/>\n<meta property=\"og:site_name\" content=\"Haut\u00e4rztin Dr. Vago | Expertin f\u00fcr Lip\u00f6deme in Wien\" \/>\n<meta property=\"article:modified_time\" content=\"2022-10-13T11:54:12+00:00\" \/>\n<meta property=\"og:image\" content=\"https:\/\/www.vago.at\/wp-content\/uploads\/2021\/01\/fettabsaugung-liposuktion.jpg\" \/>\n<meta name=\"twitter:card\" content=\"summary_large_image\" \/>\n<meta name=\"twitter:label1\" content=\"Becs\u00fclt olvas\u00e1si id\u0151\" \/>\n\t<meta name=\"twitter:data1\" content=\"2 perc\" \/>\n<script type=\"application\/ld+json\" class=\"yoast-schema-graph\">{\"@context\":\"https:\/\/schema.org\",\"@graph\":[{\"@type\":\"WebPage\",\"@id\":\"https:\/\/www.vago.at\/hu\/esztetikai-gyogyaszat\/zsirleszivas\/\",\"url\":\"https:\/\/www.vago.at\/hu\/esztetikai-gyogyaszat\/zsirleszivas\/\",\"name\":\"Zs\u00edrlesz\u00edv\u00e1s, Zs\u00edrlesz\u00edv\u00e1s szakemberrel Dr. Bernadette Vago 1100 -ban B\u00e9csben\",\"isPartOf\":{\"@id\":\"https:\/\/www.vago.at\/#website\"},\"datePublished\":\"2021-10-15T10:02:12+00:00\",\"dateModified\":\"2022-10-13T11:54:12+00:00\",\"description\":\"A magas szint\u0171 zs\u00edrlesz\u00edv\u00e1ssal cs\u00f6kkentj\u00fck azokat a bosszant\u00f3 zs\u00edrlerak\u00f3d\u00e1sokat, amelyek m\u00e9g edz\u00e9s, eg\u00e9szs\u00e9ges t\u00e1pl\u00e1lkoz\u00e1s \u00e9s \u00e9trendi programok mellett sem akarnak elolvadni.\",\"breadcrumb\":{\"@id\":\"https:\/\/www.vago.at\/hu\/esztetikai-gyogyaszat\/zsirleszivas\/#breadcrumb\"},\"inLanguage\":\"hu\",\"potentialAction\":[{\"@type\":\"ReadAction\",\"target\":[\"https:\/\/www.vago.at\/hu\/esztetikai-gyogyaszat\/zsirleszivas\/\"]}]},{\"@type\":\"BreadcrumbList\",\"@id\":\"https:\/\/www.vago.at\/hu\/esztetikai-gyogyaszat\/zsirleszivas\/#breadcrumb\",\"itemListElement\":[{\"@type\":\"ListItem\",\"position\":1,\"name\":\"Startseite\",\"item\":\"https:\/\/www.vago.at\/hu\/home\/\"},{\"@type\":\"ListItem\",\"position\":2,\"name\":\"Eszt\u00e9tikai orvosl\u00e1s\",\"item\":\"https:\/\/www.vago.at\/hu\/esztetikai-gyogyaszat\/\"},{\"@type\":\"ListItem\",\"position\":3,\"name\":\"Zs\u00edrlesz\u00edv\u00e1s\"}]},{\"@type\":\"WebSite\",\"@id\":\"https:\/\/www.vago.at\/#website\",\"url\":\"https:\/\/www.vago.at\/\",\"name\":\"Haut\u00e4rztin Dr. Vago | Expertin f\u00fcr Lip\u00f6deme in Wien\",\"description\":\"Ihre Expertin f\u00fcr Lip\u00f6dem, Venen &amp; Haut \u2013 modern, menschlich, medizinisch fundiert.\",\"potentialAction\":[{\"@type\":\"SearchAction\",\"target\":{\"@type\":\"EntryPoint\",\"urlTemplate\":\"https:\/\/www.vago.at\/?s={search_term_string}\"},\"query-input\":\"required name=search_term_string\"}],\"inLanguage\":\"hu\"}]}<\/script>\n<!-- \/ Yoast SEO plugin. -->","yoast_head_json":{"title":"Zs\u00edrlesz\u00edv\u00e1s, Zs\u00edrlesz\u00edv\u00e1s szakemberrel Dr. Bernadette Vago 1100 -ban B\u00e9csben","description":"A magas szint\u0171 zs\u00edrlesz\u00edv\u00e1ssal cs\u00f6kkentj\u00fck azokat a bosszant\u00f3 zs\u00edrlerak\u00f3d\u00e1sokat, amelyek m\u00e9g edz\u00e9s, eg\u00e9szs\u00e9ges t\u00e1pl\u00e1lkoz\u00e1s \u00e9s \u00e9trendi programok mellett sem akarnak elolvadni.","robots":{"index":"index","follow":"follow","max-snippet":"max-snippet:-1","max-image-preview":"max-image-preview:large","max-video-preview":"max-video-preview:-1"},"canonical":"https:\/\/www.vago.at\/hu\/esztetikai-gyogyaszat\/zsirleszivas\/","og_locale":"hu_HU","og_type":"article","og_title":"Zs\u00edrlesz\u00edv\u00e1s, Zs\u00edrlesz\u00edv\u00e1s szakemberrel Dr. Bernadette Vago 1100 -ban B\u00e9csben","og_description":"A magas szint\u0171 zs\u00edrlesz\u00edv\u00e1ssal cs\u00f6kkentj\u00fck azokat a bosszant\u00f3 zs\u00edrlerak\u00f3d\u00e1sokat, amelyek m\u00e9g edz\u00e9s, eg\u00e9szs\u00e9ges t\u00e1pl\u00e1lkoz\u00e1s \u00e9s \u00e9trendi programok mellett sem akarnak elolvadni.","og_url":"https:\/\/www.vago.at\/hu\/esztetikai-gyogyaszat\/zsirleszivas\/","og_site_name":"Haut\u00e4rztin Dr. Vago | Expertin f\u00fcr Lip\u00f6deme in Wien","article_modified_time":"2022-10-13T11:54:12+00:00","og_image":[{"url":"https:\/\/www.vago.at\/wp-content\/uploads\/2021\/01\/fettabsaugung-liposuktion.jpg"}],"twitter_card":"summary_large_image","twitter_misc":{"Becs\u00fclt olvas\u00e1si id\u0151":"2 perc"},"schema":{"@context":"https:\/\/schema.org","@graph":[{"@type":"WebPage","@id":"https:\/\/www.vago.at\/hu\/esztetikai-gyogyaszat\/zsirleszivas\/","url":"https:\/\/www.vago.at\/hu\/esztetikai-gyogyaszat\/zsirleszivas\/","name":"Zs\u00edrlesz\u00edv\u00e1s, Zs\u00edrlesz\u00edv\u00e1s szakemberrel Dr. Bernadette Vago 1100 -ban B\u00e9csben","isPartOf":{"@id":"https:\/\/www.vago.at\/#website"},"datePublished":"2021-10-15T10:02:12+00:00","dateModified":"2022-10-13T11:54:12+00:00","description":"A magas szint\u0171 zs\u00edrlesz\u00edv\u00e1ssal cs\u00f6kkentj\u00fck azokat a bosszant\u00f3 zs\u00edrlerak\u00f3d\u00e1sokat, amelyek m\u00e9g edz\u00e9s, eg\u00e9szs\u00e9ges t\u00e1pl\u00e1lkoz\u00e1s \u00e9s \u00e9trendi programok mellett sem akarnak elolvadni.","breadcrumb":{"@id":"https:\/\/www.vago.at\/hu\/esztetikai-gyogyaszat\/zsirleszivas\/#breadcrumb"},"inLanguage":"hu","potentialAction":[{"@type":"ReadAction","target":["https:\/\/www.vago.at\/hu\/esztetikai-gyogyaszat\/zsirleszivas\/"]}]},{"@type":"BreadcrumbList","@id":"https:\/\/www.vago.at\/hu\/esztetikai-gyogyaszat\/zsirleszivas\/#breadcrumb","itemListElement":[{"@type":"ListItem","position":1,"name":"Startseite","item":"https:\/\/www.vago.at\/hu\/home\/"},{"@type":"ListItem","position":2,"name":"Eszt\u00e9tikai orvosl\u00e1s","item":"https:\/\/www.vago.at\/hu\/esztetikai-gyogyaszat\/"},{"@type":"ListItem","position":3,"name":"Zs\u00edrlesz\u00edv\u00e1s"}]},{"@type":"WebSite","@id":"https:\/\/www.vago.at\/#website","url":"https:\/\/www.vago.at\/","name":"Haut\u00e4rztin Dr. Vago | Expertin f\u00fcr Lip\u00f6deme in Wien","description":"Ihre Expertin f\u00fcr Lip\u00f6dem, Venen &amp; Haut \u2013 modern, menschlich, medizinisch fundiert.","potentialAction":[{"@type":"SearchAction","target":{"@type":"EntryPoint","urlTemplate":"https:\/\/www.vago.at\/?s={search_term_string}"},"query-input":"required name=search_term_string"}],"inLanguage":"hu"}]}},"_links":{"self":[{"href":"https:\/\/www.vago.at\/hu\/wp-json\/wp\/v2\/pages\/1887"}],"collection":[{"href":"https:\/\/www.vago.at\/hu\/wp-json\/wp\/v2\/pages"}],"about":[{"href":"https:\/\/www.vago.at\/hu\/wp-json\/wp\/v2\/types\/page"}],"author":[{"embeddable":true,"href":"https:\/\/www.vago.at\/hu\/wp-json\/wp\/v2\/users\/2"}],"replies":[{"embeddable":true,"href":"https:\/\/www.vago.at\/hu\/wp-json\/wp\/v2\/comments?post=1887"}],"version-history":[{"count":5,"href":"https:\/\/www.vago.at\/hu\/wp-json\/wp\/v2\/pages\/1887\/revisions"}],"predecessor-version":[{"id":1998,"href":"https:\/\/www.vago.at\/hu\/wp-json\/wp\/v2\/pages\/1887\/revisions\/1998"}],"up":[{"embeddable":true,"href":"https:\/\/www.vago.at\/hu\/wp-json\/wp\/v2\/pages\/1891"}],"wp:attachment":[{"href":"https:\/\/www.vago.at\/hu\/wp-json\/wp\/v2\/media?parent=1887"}],"curies":[{"name":"wp","href":"https:\/\/api.w.org\/{rel}","templated":true}]}}