{"id":1898,"date":"2021-10-15T12:38:09","date_gmt":"2021-10-15T10:38:09","guid":{"rendered":"https:\/\/www.vago.at\/borgyogyaszat\/"},"modified":"2023-11-15T15:11:24","modified_gmt":"2023-11-15T14:11:24","slug":"borgyogyaszat","status":"publish","type":"page","link":"https:\/\/www.vago.at\/hu\/borgyogyaszat\/","title":{"rendered":"B\u0151rgy\u00f3gy\u00e1szat"},"content":{"rendered":"<p><a href=\"https:\/\/www.vago.at\/hu\/borgyogyaszat\/az-oedema-kezelese\/\"><br \/>\n\t\t\t\t\t\t\t<img decoding=\"async\" width=\"600\" height=\"600\" src=\"https:\/\/www.vago.at\/wp-content\/uploads\/2021\/01\/oedeme.jpg\" alt=\"\" loading=\"lazy\" srcset=\"https:\/\/www.vago.at\/wp-content\/uploads\/2021\/01\/oedeme.jpg 600w, https:\/\/www.vago.at\/wp-content\/uploads\/2021\/01\/oedeme-300x300.jpg 300w, https:\/\/www.vago.at\/wp-content\/uploads\/2021\/01\/oedeme-150x150.jpg 150w, https:\/\/www.vago.at\/wp-content\/uploads\/2021\/01\/oedeme-570x570.jpg 570w, https:\/\/www.vago.at\/wp-content\/uploads\/2021\/01\/oedeme-500x500.jpg 500w\" sizes=\"(max-width: 600px) 100vw, 600px\" \/>\t\t\t\t\t\t\t\t<\/a><\/p>\n<h3>\u00d6d\u00e9ma<\/h3>\n<p style=\"text-align: center;\">Nyirokpang\u00e1skor a boka \u00e9s a l\u00e1b el\u00fcls\u0151 r\u00e9sze, gyakran eg\u00e9szen a l\u00e1bujjhegyekig megdagad. A nyirok \u00f6d\u00e9ma sz\u00fclet\u00e9st\u0151l fenn\u00e1llhat.<\/p>\n<p>\t<a href=\"https:\/\/www.vago.at\/hu\/borgyogyaszat\/az-oedema-kezelese\/\" target=\"_self\" style=\"font-style: normal\" rel=\"noopener\"><br \/>\n\t    Tudj meg t\u00f6bbet\t<\/a><br \/>\n\t\t\t\t\t\t\t\t\t\t\t\t\t<a href=\"https:\/\/www.vago.at\/hu\/borgyogyaszat\/praevention-von-hautkrebs\/\"><br \/>\n\t\t\t\t\t\t\t<img decoding=\"async\" width=\"600\" height=\"600\" src=\"https:\/\/www.vago.at\/wp-content\/uploads\/2021\/01\/hautkrebs-vorsorge.jpg\" alt=\"\" loading=\"lazy\" srcset=\"https:\/\/www.vago.at\/wp-content\/uploads\/2021\/01\/hautkrebs-vorsorge.jpg 600w, https:\/\/www.vago.at\/wp-content\/uploads\/2021\/01\/hautkrebs-vorsorge-300x300.jpg 300w, https:\/\/www.vago.at\/wp-content\/uploads\/2021\/01\/hautkrebs-vorsorge-150x150.jpg 150w, https:\/\/www.vago.at\/wp-content\/uploads\/2021\/01\/hautkrebs-vorsorge-570x570.jpg 570w, https:\/\/www.vago.at\/wp-content\/uploads\/2021\/01\/hautkrebs-vorsorge-500x500.jpg 500w\" sizes=\"(max-width: 600px) 100vw, 600px\" \/>\t\t\t\t\t\t\t\t<\/a><\/p>\n<h3>B\u0151rr\u00e1k megel\u0151z\u00e9s<\/h3>\n<p style=\"text-align: center;\">A mi \u00faj Dermo Scan k\u00e9sz\u00fcl\u00e9nk\u00fckkel a pigment jegyek analiz\u00e1l\u00e1sa (\u00faj \u00e9s\/vagy megv\u00e1ltozott anyajegy, nem felt\u0171n\u0151 anyajegy) egyszer\u0171en, gyorsan \u00e9s 100 sz\u00e1zal\u00e9k biztons\u00e1ggal t\u00f6rt\u00e9nik.<\/p>\n<p>\t<a href=\"https:\/\/www.vago.at\/hu\/borgyogyaszat\/praevention-von-hautkrebs\/\" target=\"_self\" rel=\"noopener\"><br \/>\n\t    Tudj meg t\u00f6bbet\t<\/a><br \/>\n\t\t\t\t\t\t\t\t\t\t\t\t\t<a href=\"https:\/\/www.vago.at\/hu\/?page_id=2029\"><br \/>\n\t\t\t\t\t\t\t<img decoding=\"async\" width=\"600\" height=\"600\" src=\"https:\/\/www.vago.at\/wp-content\/uploads\/2021\/01\/warzen-zysten-muttermale.jpg\" alt=\"\" loading=\"lazy\" srcset=\"https:\/\/www.vago.at\/wp-content\/uploads\/2021\/01\/warzen-zysten-muttermale.jpg 600w, https:\/\/www.vago.at\/wp-content\/uploads\/2021\/01\/warzen-zysten-muttermale-300x300.jpg 300w, https:\/\/www.vago.at\/wp-content\/uploads\/2021\/01\/warzen-zysten-muttermale-150x150.jpg 150w, https:\/\/www.vago.at\/wp-content\/uploads\/2021\/01\/warzen-zysten-muttermale-570x570.jpg 570w, https:\/\/www.vago.at\/wp-content\/uploads\/2021\/01\/warzen-zysten-muttermale-500x500.jpg 500w\" sizes=\"(max-width: 600px) 100vw, 600px\" \/>\t\t\t\t\t\t\t\t<\/a><\/p>\n<h3>B\u0151rseb\u00e9szet<\/h3>\n<p style=\"text-align: center;\">B\u0151rseb\u00e9szet alatt a b\u0151r\u00f6n \u00e9s azon l\u00e9v\u0151 k\u00e9pz\u0151dm\u00e9nyeken, mint p\u00e9ld\u00e1ul a hajas fejb\u00f6r\u00f6n \u00e9s a k\u00f6rm\u00f6n v\u00e9grehajtott operat\u00edv beavatkoz\u00e1st \u00e9rtj\u00fck.<\/p>\n<p>\t<a href=\"https:\/\/www.vago.at\/hu\/?page_id=2029\" target=\"_self\" rel=\"noopener\"><br \/>\n\t    Tudj meg t\u00f6bbet\t<\/a><br \/>\n\t\t\t\t\t\t\t\t\t\t\t\t\t<a href=\"https:\/\/www.vago.at\/hu\/borgyogyaszat\/az-oedema-kezelese\/\"><br \/>\n\t\t\t\t\t\t\t<img decoding=\"async\" width=\"600\" height=\"600\" src=\"https:\/\/www.vago.at\/wp-content\/uploads\/2021\/01\/schwitzen.jpg\" alt=\"\" loading=\"lazy\" srcset=\"https:\/\/www.vago.at\/wp-content\/uploads\/2021\/01\/schwitzen.jpg 600w, https:\/\/www.vago.at\/wp-content\/uploads\/2021\/01\/schwitzen-300x300.jpg 300w, https:\/\/www.vago.at\/wp-content\/uploads\/2021\/01\/schwitzen-150x150.jpg 150w, https:\/\/www.vago.at\/wp-content\/uploads\/2021\/01\/schwitzen-570x570.jpg 570w, https:\/\/www.vago.at\/wp-content\/uploads\/2021\/01\/schwitzen-500x500.jpg 500w\" sizes=\"(max-width: 600px) 100vw, 600px\" \/>\t\t\t\t\t\t\t\t<\/a><\/p>\n<h3>T\u00falzott m\u00e9rt\u00e9k\u0171 izzad\u00e1s<\/h3>\n<p style=\"text-align: center;\">Hiperhidr\u00f3zis fogalom alatt k\u00fcl\u00f6nb\u00f6z\u0151 nagys\u00e1g\u00fa b\u0151rfel\u00fcleteken a norm\u00e1lis m\u00e9rt\u00e9ket meghalad\u00f3 izzad\u00e1st \u00e9rtj\u00fck.<\/p>\n<p>\t<a href=\"https:\/\/www.vago.at\/hu\/borgyogyaszat\/az-oedema-kezelese\/\" target=\"_self\" rel=\"noopener\"><br \/>\n\t    Tudj meg t\u00f6bbet\t<\/a><br \/>\n\t\t\t<a href=\"https:\/\/www.vago.at\/hu\/lipoedem-sajnos-bar-minden-tizedik-not-erint-alig-beszel-rola-valaki\/\" target=\"_self\" rel=\"noopener\"><\/a><img decoding=\"async\" itemprop=\"image\" src=\"https:\/\/www.vago.at\/wp-content\/uploads\/2020\/08\/widget-lipoedem.jpg\" alt=\"\" \/><\/p>\n<h5 style=\"font-size:25px;\">Lip\u00f6d\u00e9ma van?<\/h5>\n<p><a href=\"https:\/\/www.vago.at\/hu\/lipoedem-sajnos-bar-minden-tizedik-not-erint-alig-beszel-rola-valaki\/\">Tudj meg t\u00f6bbet<\/a><br \/>\n\t\t\t<a href=\"https:\/\/www.vago.at\/hu\/borgyogyaszat\/praevention-von-hautkrebs\/\" target=\"_self\" rel=\"noopener\"><\/a><img decoding=\"async\" itemprop=\"image\" src=\"https:\/\/www.vago.at\/wp-content\/uploads\/2021\/01\/widget-face-1.jpg\" alt=\"\" \/><\/p>\n<h5 style=\"font-size:25px;\">\u00cdgy v\u00e9dekezhet<br \/> a b\u0151rr\u00e1k ellen.<\/h5>\n<p><a href=\"https:\/\/www.vago.at\/hu\/borgyogyaszat\/praevention-von-hautkrebs\/\">Tudj meg t\u00f6bbet<\/a><br \/>\n\t\t\t<a href=\"https:\/\/www.vago.at\/hu\/vena-megbetegedesek\/\" target=\"_self\" rel=\"noopener\"><\/a><img decoding=\"async\" itemprop=\"image\" src=\"https:\/\/www.vago.at\/wp-content\/uploads\/2021\/01\/widget-krampfadern.jpg\" alt=\"\" \/><\/p>\n<h5 style=\"font-size:25px;\">A v\u00e9n\u00e1s betegs\u00e9gek<br \/> id\u0151ben t\u00f6rt\u00e9n\u0151 felismer\u00e9se<br \/> \u00e9s kezel\u00e9se.<\/h5>\n<p><a href=\"https:\/\/www.vago.at\/hu\/vena-megbetegedesek\/\">Tudj meg t\u00f6bbet<\/a><\/p>\n","protected":false},"excerpt":{"rendered":"<p>\u00d6d\u00e9ma Nyirokpang\u00e1skor a boka \u00e9s a l\u00e1b el\u00fcls\u0151 r\u00e9sze, gyakran eg\u00e9szen a l\u00e1bujjhegyekig megdagad. A nyirok \u00f6d\u00e9ma sz\u00fclet\u00e9st\u0151l fenn\u00e1llhat. Tudj meg t\u00f6bbet B\u0151rr\u00e1k megel\u0151z\u00e9s A mi \u00faj Dermo Scan k\u00e9sz\u00fcl\u00e9nk\u00fckkel a pigment jegyek analiz\u00e1l\u00e1sa (\u00faj \u00e9s\/vagy megv\u00e1ltozott anyajegy, nem felt\u0171n\u0151 anyajegy) egyszer\u0171en, gyorsan \u00e9s 100&#8230;<\/p>\n","protected":false},"author":2,"featured_media":0,"parent":0,"menu_order":0,"comment_status":"closed","ping_status":"closed","template":"full_width.php","meta":{"footnotes":""},"yoast_head":"<!-- This site is optimized with the Yoast SEO plugin v20.5 - https:\/\/yoast.com\/wordpress\/plugins\/seo\/ -->\n<title>B\u0151rgy\u00f3gy\u00e1szat, b\u0151rgy\u00f3gy\u00e1sz Dr. Bernadette Vago \/ v\u00e1laszthat\u00f3 orvos 1100 B\u00e9csben<\/title>\n<meta name=\"description\" content=\"Foglaljon id\u0151pontot most. Kezelj\u00fck az \u00f6d\u00e9m\u00e1t, pattan\u00e1sokat, szem\u00f6lcs\u00f6ket, ciszt\u00e1kat, anyajegyeket, t\u00falzott izzad\u00e1st \u00e9s m\u00e9g sok m\u00e1st. Gyere el a b\u0151rr\u00e1k sz\u0171r\u00e9sre.\" \/>\n<meta name=\"robots\" content=\"index, follow, max-snippet:-1, max-image-preview:large, max-video-preview:-1\" \/>\n<link rel=\"canonical\" href=\"https:\/\/www.vago.at\/hu\/borgyogyaszat\/\" \/>\n<meta property=\"og:locale\" content=\"hu_HU\" \/>\n<meta property=\"og:type\" content=\"article\" \/>\n<meta property=\"og:title\" content=\"B\u0151rgy\u00f3gy\u00e1szat, b\u0151rgy\u00f3gy\u00e1sz Dr. Bernadette Vago \/ v\u00e1laszthat\u00f3 orvos 1100 B\u00e9csben\" \/>\n<meta property=\"og:description\" content=\"Foglaljon id\u0151pontot most. Kezelj\u00fck az \u00f6d\u00e9m\u00e1t, pattan\u00e1sokat, szem\u00f6lcs\u00f6ket, ciszt\u00e1kat, anyajegyeket, t\u00falzott izzad\u00e1st \u00e9s m\u00e9g sok m\u00e1st. Gyere el a b\u0151rr\u00e1k sz\u0171r\u00e9sre.\" \/>\n<meta property=\"og:url\" content=\"https:\/\/www.vago.at\/hu\/borgyogyaszat\/\" \/>\n<meta property=\"og:site_name\" content=\"Haut\u00e4rztin Dr. Vago | Expertin f\u00fcr Lip\u00f6deme in Wien\" \/>\n<meta property=\"article:modified_time\" content=\"2023-11-15T14:11:24+00:00\" \/>\n<meta property=\"og:image\" content=\"https:\/\/www.vago.at\/wp-content\/uploads\/2021\/01\/oedeme.jpg\" \/>\n<meta name=\"twitter:card\" content=\"summary_large_image\" \/>\n<meta name=\"twitter:label1\" content=\"Becs\u00fclt olvas\u00e1si id\u0151\" \/>\n\t<meta name=\"twitter:data1\" content=\"1 perc\" \/>\n<script type=\"application\/ld+json\" class=\"yoast-schema-graph\">{\"@context\":\"https:\/\/schema.org\",\"@graph\":[{\"@type\":\"WebPage\",\"@id\":\"https:\/\/www.vago.at\/hu\/borgyogyaszat\/\",\"url\":\"https:\/\/www.vago.at\/hu\/borgyogyaszat\/\",\"name\":\"B\u0151rgy\u00f3gy\u00e1szat, b\u0151rgy\u00f3gy\u00e1sz Dr. Bernadette Vago \/ v\u00e1laszthat\u00f3 orvos 1100 B\u00e9csben\",\"isPartOf\":{\"@id\":\"https:\/\/www.vago.at\/#website\"},\"datePublished\":\"2021-10-15T10:38:09+00:00\",\"dateModified\":\"2023-11-15T14:11:24+00:00\",\"description\":\"Foglaljon id\u0151pontot most. Kezelj\u00fck az \u00f6d\u00e9m\u00e1t, pattan\u00e1sokat, szem\u00f6lcs\u00f6ket, ciszt\u00e1kat, anyajegyeket, t\u00falzott izzad\u00e1st \u00e9s m\u00e9g sok m\u00e1st. Gyere el a b\u0151rr\u00e1k sz\u0171r\u00e9sre.\",\"breadcrumb\":{\"@id\":\"https:\/\/www.vago.at\/hu\/borgyogyaszat\/#breadcrumb\"},\"inLanguage\":\"hu\",\"potentialAction\":[{\"@type\":\"ReadAction\",\"target\":[\"https:\/\/www.vago.at\/hu\/borgyogyaszat\/\"]}]},{\"@type\":\"BreadcrumbList\",\"@id\":\"https:\/\/www.vago.at\/hu\/borgyogyaszat\/#breadcrumb\",\"itemListElement\":[{\"@type\":\"ListItem\",\"position\":1,\"name\":\"Startseite\",\"item\":\"https:\/\/www.vago.at\/hu\/home\/\"},{\"@type\":\"ListItem\",\"position\":2,\"name\":\"B\u0151rgy\u00f3gy\u00e1szat\"}]},{\"@type\":\"WebSite\",\"@id\":\"https:\/\/www.vago.at\/#website\",\"url\":\"https:\/\/www.vago.at\/\",\"name\":\"Haut\u00e4rztin Dr. Vago | Expertin f\u00fcr Lip\u00f6deme in Wien\",\"description\":\"Ihre Expertin f\u00fcr Lip\u00f6dem, Venen &amp; Haut \u2013 modern, menschlich, medizinisch fundiert.\",\"potentialAction\":[{\"@type\":\"SearchAction\",\"target\":{\"@type\":\"EntryPoint\",\"urlTemplate\":\"https:\/\/www.vago.at\/?s={search_term_string}\"},\"query-input\":\"required name=search_term_string\"}],\"inLanguage\":\"hu\"}]}<\/script>\n<!-- \/ Yoast SEO plugin. -->","yoast_head_json":{"title":"B\u0151rgy\u00f3gy\u00e1szat, b\u0151rgy\u00f3gy\u00e1sz Dr. Bernadette Vago \/ v\u00e1laszthat\u00f3 orvos 1100 B\u00e9csben","description":"Foglaljon id\u0151pontot most. Kezelj\u00fck az \u00f6d\u00e9m\u00e1t, pattan\u00e1sokat, szem\u00f6lcs\u00f6ket, ciszt\u00e1kat, anyajegyeket, t\u00falzott izzad\u00e1st \u00e9s m\u00e9g sok m\u00e1st. Gyere el a b\u0151rr\u00e1k sz\u0171r\u00e9sre.","robots":{"index":"index","follow":"follow","max-snippet":"max-snippet:-1","max-image-preview":"max-image-preview:large","max-video-preview":"max-video-preview:-1"},"canonical":"https:\/\/www.vago.at\/hu\/borgyogyaszat\/","og_locale":"hu_HU","og_type":"article","og_title":"B\u0151rgy\u00f3gy\u00e1szat, b\u0151rgy\u00f3gy\u00e1sz Dr. Bernadette Vago \/ v\u00e1laszthat\u00f3 orvos 1100 B\u00e9csben","og_description":"Foglaljon id\u0151pontot most. Kezelj\u00fck az \u00f6d\u00e9m\u00e1t, pattan\u00e1sokat, szem\u00f6lcs\u00f6ket, ciszt\u00e1kat, anyajegyeket, t\u00falzott izzad\u00e1st \u00e9s m\u00e9g sok m\u00e1st. Gyere el a b\u0151rr\u00e1k sz\u0171r\u00e9sre.","og_url":"https:\/\/www.vago.at\/hu\/borgyogyaszat\/","og_site_name":"Haut\u00e4rztin Dr. Vago | Expertin f\u00fcr Lip\u00f6deme in Wien","article_modified_time":"2023-11-15T14:11:24+00:00","og_image":[{"url":"https:\/\/www.vago.at\/wp-content\/uploads\/2021\/01\/oedeme.jpg"}],"twitter_card":"summary_large_image","twitter_misc":{"Becs\u00fclt olvas\u00e1si id\u0151":"1 perc"},"schema":{"@context":"https:\/\/schema.org","@graph":[{"@type":"WebPage","@id":"https:\/\/www.vago.at\/hu\/borgyogyaszat\/","url":"https:\/\/www.vago.at\/hu\/borgyogyaszat\/","name":"B\u0151rgy\u00f3gy\u00e1szat, b\u0151rgy\u00f3gy\u00e1sz Dr. Bernadette Vago \/ v\u00e1laszthat\u00f3 orvos 1100 B\u00e9csben","isPartOf":{"@id":"https:\/\/www.vago.at\/#website"},"datePublished":"2021-10-15T10:38:09+00:00","dateModified":"2023-11-15T14:11:24+00:00","description":"Foglaljon id\u0151pontot most. Kezelj\u00fck az \u00f6d\u00e9m\u00e1t, pattan\u00e1sokat, szem\u00f6lcs\u00f6ket, ciszt\u00e1kat, anyajegyeket, t\u00falzott izzad\u00e1st \u00e9s m\u00e9g sok m\u00e1st. Gyere el a b\u0151rr\u00e1k sz\u0171r\u00e9sre.","breadcrumb":{"@id":"https:\/\/www.vago.at\/hu\/borgyogyaszat\/#breadcrumb"},"inLanguage":"hu","potentialAction":[{"@type":"ReadAction","target":["https:\/\/www.vago.at\/hu\/borgyogyaszat\/"]}]},{"@type":"BreadcrumbList","@id":"https:\/\/www.vago.at\/hu\/borgyogyaszat\/#breadcrumb","itemListElement":[{"@type":"ListItem","position":1,"name":"Startseite","item":"https:\/\/www.vago.at\/hu\/home\/"},{"@type":"ListItem","position":2,"name":"B\u0151rgy\u00f3gy\u00e1szat"}]},{"@type":"WebSite","@id":"https:\/\/www.vago.at\/#website","url":"https:\/\/www.vago.at\/","name":"Haut\u00e4rztin Dr. Vago | Expertin f\u00fcr Lip\u00f6deme in Wien","description":"Ihre Expertin f\u00fcr Lip\u00f6dem, Venen &amp; Haut \u2013 modern, menschlich, medizinisch fundiert.","potentialAction":[{"@type":"SearchAction","target":{"@type":"EntryPoint","urlTemplate":"https:\/\/www.vago.at\/?s={search_term_string}"},"query-input":"required name=search_term_string"}],"inLanguage":"hu"}]}},"_links":{"self":[{"href":"https:\/\/www.vago.at\/hu\/wp-json\/wp\/v2\/pages\/1898"}],"collection":[{"href":"https:\/\/www.vago.at\/hu\/wp-json\/wp\/v2\/pages"}],"about":[{"href":"https:\/\/www.vago.at\/hu\/wp-json\/wp\/v2\/types\/page"}],"author":[{"embeddable":true,"href":"https:\/\/www.vago.at\/hu\/wp-json\/wp\/v2\/users\/2"}],"replies":[{"embeddable":true,"href":"https:\/\/www.vago.at\/hu\/wp-json\/wp\/v2\/comments?post=1898"}],"version-history":[{"count":6,"href":"https:\/\/www.vago.at\/hu\/wp-json\/wp\/v2\/pages\/1898\/revisions"}],"predecessor-version":[{"id":2220,"href":"https:\/\/www.vago.at\/hu\/wp-json\/wp\/v2\/pages\/1898\/revisions\/2220"}],"wp:attachment":[{"href":"https:\/\/www.vago.at\/hu\/wp-json\/wp\/v2\/media?parent=1898"}],"curies":[{"name":"wp","href":"https:\/\/api.w.org\/{rel}","templated":true}]}}